{"id":1100,"date":"2023-12-14T18:59:18","date_gmt":"2023-12-14T18:59:18","guid":{"rendered":"http:\/\/170.249.220.82\/~wwwsubwaycom\/?page_id=1100"},"modified":"2023-12-14T19:14:02","modified_gmt":"2023-12-14T19:14:02","slug":"clima-y-conservacion","status":"publish","type":"page","link":"https:\/\/subway.com.uy\/index.php\/sustentabilidad\/clima-y-conservacion\/","title":{"rendered":"Clima y Conservaci\u00f3n"},"content":{"rendered":"\t\t<div data-elementor-type=\"wp-page\" data-elementor-id=\"1100\" class=\"elementor elementor-1100\" data-elementor-post-type=\"page\">\n\t\t\t\t<div class=\"elementor-element elementor-element-1697e8c e-flex e-con-boxed e-con e-parent\" data-id=\"1697e8c\" data-element_type=\"container\">\n\t\t\t\t\t<div class=\"e-con-inner\">\n\t\t\t\t\t<\/div>\n\t\t\t\t<\/div>\n\t\t<div class=\"elementor-element elementor-element-f3d5135 e-con-full e-flex e-con e-parent\" data-id=\"f3d5135\" data-element_type=\"container\">\n\t\t\t\t<div class=\"elementor-element elementor-element-e5a2589 elementor-hidden-desktop elementor-widget elementor-widget-spacer\" data-id=\"e5a2589\" data-element_type=\"widget\" data-widget_type=\"spacer.default\">\n\t\t\t\t<div class=\"elementor-widget-container\">\n\t\t\t\t\t\t\t<div class=\"elementor-spacer\">\n\t\t\t<div class=\"elementor-spacer-inner\"><\/div>\n\t\t<\/div>\n\t\t\t\t\t\t<\/div>\n\t\t\t\t<\/div>\n\t\t\t\t<div class=\"elementor-element elementor-element-1c626c1 elementor-widget elementor-widget-image\" data-id=\"1c626c1\" data-element_type=\"widget\" data-widget_type=\"image.default\">\n\t\t\t\t<div class=\"elementor-widget-container\">\n\t\t\t\t\t\t\t\t\t\t\t\t\t\t\t<img fetchpriority=\"high\" decoding=\"async\" width=\"1280\" height=\"490\" src=\"https:\/\/subway.com.uy\/wp-content\/uploads\/2023\/12\/Planet-Header.jpg\" class=\"attachment-full size-full wp-image-1062\" alt=\"\" srcset=\"https:\/\/subway.com.uy\/wp-content\/uploads\/2023\/12\/Planet-Header.jpg 1280w, https:\/\/subway.com.uy\/wp-content\/uploads\/2023\/12\/Planet-Header-300x115.jpg 300w, https:\/\/subway.com.uy\/wp-content\/uploads\/2023\/12\/Planet-Header-1024x392.jpg 1024w, https:\/\/subway.com.uy\/wp-content\/uploads\/2023\/12\/Planet-Header-768x294.jpg 768w\" sizes=\"(max-width: 1280px) 100vw, 1280px\" \/>\t\t\t\t\t\t\t\t\t\t\t\t\t\t\t<\/div>\n\t\t\t\t<\/div>\n\t\t<div class=\"elementor-element elementor-element-adec8ff e-flex e-con-boxed e-con e-child\" data-id=\"adec8ff\" data-element_type=\"container\">\n\t\t\t\t\t<div class=\"e-con-inner\">\n\t\t<div class=\"elementor-element elementor-element-b7bc784 elementor-hidden-tablet elementor-hidden-mobile e-flex e-con-boxed e-con e-child\" data-id=\"b7bc784\" data-element_type=\"container\" data-settings=\"{&quot;background_background&quot;:&quot;classic&quot;}\">\n\t\t\t\t\t<div class=\"e-con-inner\">\n\t\t\t\t<div class=\"elementor-element elementor-element-294c946 elementor-widget elementor-widget-heading\" data-id=\"294c946\" data-element_type=\"widget\" data-widget_type=\"heading.default\">\n\t\t\t\t<div class=\"elementor-widget-container\">\n\t\t\t\t\t<h2 class=\"elementor-heading-title elementor-size-default\">Preservar Nuestro Planeta<\/h2>\t\t\t\t<\/div>\n\t\t\t\t<\/div>\n\t\t\t\t<div class=\"elementor-element elementor-element-f3076b4 elementor-widget elementor-widget-text-editor\" data-id=\"f3076b4\" data-element_type=\"widget\" data-widget_type=\"text-editor.default\">\n\t\t\t\t<div class=\"elementor-widget-container\">\n\t\t\t\t\t\t\t\t\t<p style=\"text-align: center;\"><span style=\"font-size: 12pt; color: #000000;\">Nuestra ambici\u00f3n es reducir el impacto medioambiental y preservar la salud de nuestro planeta.<\/span><\/p>\t\t\t\t\t\t\t\t<\/div>\n\t\t\t\t<\/div>\n\t\t\t\t\t<\/div>\n\t\t\t\t<\/div>\n\t\t<div class=\"elementor-element elementor-element-00f7e93 elementor-hidden-desktop e-flex e-con-boxed e-con e-child\" data-id=\"00f7e93\" data-element_type=\"container\" data-settings=\"{&quot;background_background&quot;:&quot;classic&quot;}\">\n\t\t\t\t\t<div class=\"e-con-inner\">\n\t\t\t\t<div class=\"elementor-element elementor-element-d543d1f elementor-widget elementor-widget-heading\" data-id=\"d543d1f\" data-element_type=\"widget\" data-widget_type=\"heading.default\">\n\t\t\t\t<div class=\"elementor-widget-container\">\n\t\t\t\t\t<h2 class=\"elementor-heading-title elementor-size-default\">Preservar Nuestro Planeta<\/h2>\t\t\t\t<\/div>\n\t\t\t\t<\/div>\n\t\t\t\t\t<\/div>\n\t\t\t\t<\/div>\n\t\t\t\t\t<\/div>\n\t\t\t\t<\/div>\n\t\t\t\t<\/div>\n\t\t<div class=\"elementor-element elementor-element-6a64591 e-flex e-con-boxed e-con e-parent\" data-id=\"6a64591\" data-element_type=\"container\">\n\t\t\t\t\t<div class=\"e-con-inner\">\n\t\t<div class=\"elementor-element elementor-element-d5dca1d e-con-full e-flex e-con e-child\" data-id=\"d5dca1d\" data-element_type=\"container\">\n\t\t<div class=\"elementor-element elementor-element-e4a0583 e-flex e-con-boxed e-con e-child\" data-id=\"e4a0583\" data-element_type=\"container\" data-settings=\"{&quot;sticky&quot;:&quot;top&quot;,&quot;sticky_offset&quot;:110,&quot;sticky_effects_offset&quot;:12,&quot;sticky_parent&quot;:&quot;yes&quot;,&quot;sticky_on&quot;:[&quot;desktop&quot;,&quot;tablet&quot;,&quot;mobile&quot;],&quot;sticky_anchor_link_offset&quot;:0}\">\n\t\t\t\t\t<div class=\"e-con-inner\">\n\t\t\t\t<div class=\"elementor-element elementor-element-a0b9f77 elementor-widget elementor-widget-text-editor\" data-id=\"a0b9f77\" data-element_type=\"widget\" data-widget_type=\"text-editor.default\">\n\t\t\t\t<div class=\"elementor-widget-container\">\n\t\t\t\t\t\t\t\t\t<a class=\"main_link\" href=\"https:\/\/subway.com.uy\/index.php\/sustentabilidad\/sustentabilidad-de-los-envoltorios\/\" type=\"button\" data-buttontext=\"quality\">SUSTENTABILIDAD DE LOS ENVOLTORIOS<\/a>\n\n<a class=\"main_link\" href=\"https:\/\/subway.com.uy\/index.php\/sustentabilidad\/abastecimiento-responsable\/\" type=\"button\" data-buttontext=\"Nutritional\">ABASTECIMIENTO RESPONSABLE<\/a>\n\n<a class=\"main_link\" href=\"https:\/\/subway.com.uy\/index.php\/sustentabilidad\/clima-y-conservacion\/\">CLIMA Y CONSERVACI\u00d3N<\/a>\t\t\t\t\t\t\t\t<\/div>\n\t\t\t\t<\/div>\n\t\t\t\t\t<\/div>\n\t\t\t\t<\/div>\n\t\t\t\t<\/div>\n\t\t<div class=\"elementor-element elementor-element-d1a388d e-con-full e-flex e-con e-child\" data-id=\"d1a388d\" data-element_type=\"container\">\n\t\t\t\t<div class=\"elementor-element elementor-element-3ed6e78 elementor-widget elementor-widget-heading\" data-id=\"3ed6e78\" data-element_type=\"widget\" data-widget_type=\"heading.default\">\n\t\t\t\t<div class=\"elementor-widget-container\">\n\t\t\t\t\t<h2 class=\"elementor-heading-title elementor-size-default\">Clima y Conservaci\u00f3n<\/h2>\t\t\t\t<\/div>\n\t\t\t\t<\/div>\n\t\t\t\t<div class=\"elementor-element elementor-element-85a372a elementor-widget elementor-widget-text-editor\" data-id=\"85a372a\" data-element_type=\"widget\" data-widget_type=\"text-editor.default\">\n\t\t\t\t<div class=\"elementor-widget-container\">\n\t\t\t\t\t\t\t\t\t<p style=\"text-align: left;\"><span style=\"color: #000000; font-family: subway2;\"><strong><span style=\"font-size: 12pt;\">Creemos que construir e implementar soluciones que se basen en la ciencia para abordar los riesgos asociados con el cambio clim\u00e1tico es importante para el futuro de nuestra empresa, nuestros clientes y el mundo.<\/span><\/strong><\/span><\/p>\t\t\t\t\t\t\t\t<\/div>\n\t\t\t\t<\/div>\n\t\t\t\t<div class=\"elementor-element elementor-element-f1a5fdd elementor-widget elementor-widget-text-editor\" data-id=\"f1a5fdd\" data-element_type=\"widget\" data-widget_type=\"text-editor.default\">\n\t\t\t\t<div class=\"elementor-widget-container\">\n\t\t\t\t\t\t\t\t\t<p class=\"texto-normal\" style=\"text-align: left;\"><span style=\"font-size: 12pt; font-family: subway2; color: #000000;\">Como marca global, nos estamos involucrando mucho m\u00e1s en nuestras cadenas de suministro y trabajamos para reducir la deforestaci\u00f3n y las emisiones de gases de efecto invernadero gracias a nuestro poder de compra y el dise\u00f1o innovador de nuestros restaurantes y oficinas.<\/span><\/p>\t\t\t\t\t\t\t\t<\/div>\n\t\t\t\t<\/div>\n\t\t\t\t<div class=\"elementor-element elementor-element-e8a34cf elementor-widget elementor-widget-image\" data-id=\"e8a34cf\" data-element_type=\"widget\" data-widget_type=\"image.default\">\n\t\t\t\t<div class=\"elementor-widget-container\">\n\t\t\t\t\t\t\t\t\t\t\t\t\t\t\t<img decoding=\"async\" width=\"760\" height=\"400\" src=\"https:\/\/subway.com.uy\/wp-content\/uploads\/2023\/12\/Planet_InLine3.jpg\" class=\"attachment-large size-large wp-image-1103\" alt=\"\" srcset=\"https:\/\/subway.com.uy\/wp-content\/uploads\/2023\/12\/Planet_InLine3.jpg 760w, https:\/\/subway.com.uy\/wp-content\/uploads\/2023\/12\/Planet_InLine3-300x158.jpg 300w\" sizes=\"(max-width: 760px) 100vw, 760px\" \/>\t\t\t\t\t\t\t\t\t\t\t\t\t\t\t<\/div>\n\t\t\t\t<\/div>\n\t\t\t\t<div class=\"elementor-element elementor-element-19d9207 elementor-widget elementor-widget-text-editor\" data-id=\"19d9207\" data-element_type=\"widget\" data-widget_type=\"text-editor.default\">\n\t\t\t\t<div class=\"elementor-widget-container\">\n\t\t\t\t\t\t\t\t\t<p class=\"texto-normal\" style=\"text-align: left;\"><span style=\"font-size: 12pt; font-family: subway2; color: #000000;\">Gracias al dise\u00f1o y la naturaleza de nuestros productos, las operaciones de nuestros restaurantes son relativamente eficientes en cuanto al consumo el\u00e9ctrico, y nuestro equipo est\u00e1ndar para nuevos restaurantes incluye hornos digitales y sistemas de climatizaci\u00f3n (calefacci\u00f3n, ventilaci\u00f3n y enfriamiento) de consumo eficiente de electricidad, as\u00ed como m\u00e1quinas de hielo con certificaci\u00f3n ENERGY STAR, mesones traseros refrigerados y refrigeradores y congeladores.<\/span><\/p>\n\n\n<p class=\"texto-normal\" style=\"text-align: left;\"><span style=\"font-size: 12pt; font-family: subway2; color: #000000;\">Si bien ayudamos a nuestros franquiciados y proveedores a implementar tecnolog\u00edas conocidas para reducir sus huellas energ\u00e9ticas y las emisiones de gases de efecto invernadero, estudiamos las mejores formas de medir nuestras emisiones de gases de efecto invernadero de alcance 1, 2 y 3, y de dise\u00f1ar soluciones basadas en la ciencia que podamos implementar.<\/span><\/p>\t\t\t\t\t\t\t\t<\/div>\n\t\t\t\t<\/div>\n\t\t\t\t<div class=\"elementor-element elementor-element-418ec40 elementor-widget elementor-widget-heading\" data-id=\"418ec40\" data-element_type=\"widget\" data-widget_type=\"heading.default\">\n\t\t\t\t<div class=\"elementor-widget-container\">\n\t\t\t\t\t<h2 class=\"elementor-heading-title elementor-size-default\">\"Desde nuestra cadena de suministro global hasta las comunidades locales donde funcionan nuestras franquicias, nos esforzamos mucho por crear un mejor Subway\u00ae y, as\u00ed, reducir nuestro impacto en el medioambiente.\"<\/h2>\t\t\t\t<\/div>\n\t\t\t\t<\/div>\n\t\t\t\t<div class=\"elementor-element elementor-element-7fbaafc elementor-widget elementor-widget-heading\" data-id=\"7fbaafc\" data-element_type=\"widget\" data-widget_type=\"heading.default\">\n\t\t\t\t<div class=\"elementor-widget-container\">\n\t\t\t\t\t<h2 class=\"elementor-heading-title elementor-size-default\">Enfoque en los Temas Sobre el Cambio Clim\u00e1tico<\/h2>\t\t\t\t<\/div>\n\t\t\t\t<\/div>\n\t\t\t\t<div class=\"elementor-element elementor-element-3bb89e8 elementor-widget elementor-widget-accordion\" data-id=\"3bb89e8\" data-element_type=\"widget\" data-widget_type=\"accordion.default\">\n\t\t\t\t<div class=\"elementor-widget-container\">\n\t\t\t\t\t\t\t<div class=\"elementor-accordion\">\n\t\t\t\t\t\t\t<div class=\"elementor-accordion-item\">\n\t\t\t\t\t<div id=\"elementor-tab-title-6261\" class=\"elementor-tab-title\" data-tab=\"1\" role=\"button\" aria-controls=\"elementor-tab-content-6261\" aria-expanded=\"false\">\n\t\t\t\t\t\t\t\t\t\t\t\t\t<span class=\"elementor-accordion-icon elementor-accordion-icon-right\" aria-hidden=\"true\">\n\t\t\t\t\t\t\t\t\t\t\t\t\t\t\t<span class=\"elementor-accordion-icon-closed\"><i class=\"fas fa-plus\"><\/i><\/span>\n\t\t\t\t\t\t\t\t<span class=\"elementor-accordion-icon-opened\"><i class=\"fas fa-minus\"><\/i><\/span>\n\t\t\t\t\t\t\t\t\t\t\t\t\t\t<\/span>\n\t\t\t\t\t\t\t\t\t\t\t\t<a class=\"elementor-accordion-title\" tabindex=\"0\">Deforestaci\u00f3n<\/a>\n\t\t\t\t\t<\/div>\n\t\t\t\t\t<div id=\"elementor-tab-content-6261\" class=\"elementor-tab-content elementor-clearfix\" data-tab=\"1\" role=\"region\" aria-labelledby=\"elementor-tab-title-6261\"><p>Subway\u00ae comprende que la agricultura, un elemento fundamental de nuestra cadena de valor, est\u00e1 vinculada con la salud del sistema forestal del mundo. La influencia de Subway en los bosques se da principalmente mediante la obtenci\u00f3n de materiales agr\u00edcolas (cadenas de valor del aceite de palma, la soya y la carne de res) y productos de papel\/a base de madera para envoltorios desechables y el dise\u00f1o del restaurante. El objetivo de Subway es abastecerse de proveedores que se esfuercen por:<\/p><ul><li>Implementar pr\u00e1cticas de gesti\u00f3n forestal sustentables en los bosques que poseen, arriendan o administran, para suministrar fibra, papel, madera y otros productos forestales.<\/li><li>Aprovechar los principios e implementar pr\u00e1cticas agr\u00edcolas sustentables que les permitan a los agricultores aumentar la producci\u00f3n en terrenos ya cultivados y minimizar los impactos a las \u00e1reas circundantes.<\/li><li>Preservar la biodiversidad y los valores culturales, adem\u00e1s de optimizar los beneficios sociales, ambientales y econ\u00f3micos de los bosques administrados.<\/li><li>Garantizar que esta pol\u00edtica se implemente de tal manera que se apoye la inclusi\u00f3n de peque\u00f1os agricultores en sus cadenas de suministro.<\/li><\/ul><\/div>\n\t\t\t\t<\/div>\n\t\t\t\t\t\t\t<div class=\"elementor-accordion-item\">\n\t\t\t\t\t<div id=\"elementor-tab-title-6262\" class=\"elementor-tab-title\" data-tab=\"2\" role=\"button\" aria-controls=\"elementor-tab-content-6262\" aria-expanded=\"false\">\n\t\t\t\t\t\t\t\t\t\t\t\t\t<span class=\"elementor-accordion-icon elementor-accordion-icon-right\" aria-hidden=\"true\">\n\t\t\t\t\t\t\t\t\t\t\t\t\t\t\t<span class=\"elementor-accordion-icon-closed\"><i class=\"fas fa-plus\"><\/i><\/span>\n\t\t\t\t\t\t\t\t<span class=\"elementor-accordion-icon-opened\"><i class=\"fas fa-minus\"><\/i><\/span>\n\t\t\t\t\t\t\t\t\t\t\t\t\t\t<\/span>\n\t\t\t\t\t\t\t\t\t\t\t\t<a class=\"elementor-accordion-title\" tabindex=\"0\">Agua<\/a>\n\t\t\t\t\t<\/div>\n\t\t\t\t\t<div id=\"elementor-tab-content-6262\" class=\"elementor-tab-content elementor-clearfix\" data-tab=\"2\" role=\"region\" aria-labelledby=\"elementor-tab-title-6262\"><p>En Subway\u00ae, reconocemos la importancia del agua limpia en cada comunidad alrededor del mundo. Dado que somos una marca que depende de productos agr\u00edcolas que necesitan agua dulce, consideramos de suma importancia la gesti\u00f3n adecuada de la cuenca de agua dentro de nuestra cadena de valor. Tambi\u00e9n buscamos inversiones en el restaurante que optimicen el uso del agua para minimizar la huella de agua de nuestros restaurants.<\/p><\/div>\n\t\t\t\t<\/div>\n\t\t\t\t\t\t\t<div class=\"elementor-accordion-item\">\n\t\t\t\t\t<div id=\"elementor-tab-title-6263\" class=\"elementor-tab-title\" data-tab=\"3\" role=\"button\" aria-controls=\"elementor-tab-content-6263\" aria-expanded=\"false\">\n\t\t\t\t\t\t\t\t\t\t\t\t\t<span class=\"elementor-accordion-icon elementor-accordion-icon-right\" aria-hidden=\"true\">\n\t\t\t\t\t\t\t\t\t\t\t\t\t\t\t<span class=\"elementor-accordion-icon-closed\"><i class=\"fas fa-plus\"><\/i><\/span>\n\t\t\t\t\t\t\t\t<span class=\"elementor-accordion-icon-opened\"><i class=\"fas fa-minus\"><\/i><\/span>\n\t\t\t\t\t\t\t\t\t\t\t\t\t\t<\/span>\n\t\t\t\t\t\t\t\t\t\t\t\t<a class=\"elementor-accordion-title\" tabindex=\"0\">Desechos<\/a>\n\t\t\t\t\t<\/div>\n\t\t\t\t\t<div id=\"elementor-tab-content-6263\" class=\"elementor-tab-content elementor-clearfix\" data-tab=\"3\" role=\"region\" aria-labelledby=\"elementor-tab-title-6263\"><p>Por muchos a\u00f1os, se han entregado contenedores de reciclaje y compostaje a los franquiciados que desean reciclar y hacer compostaje. De hecho, los restaurants de San Francisco y Seattle hacen compostaje con toda la comida desechada. Nuestros restaurants deben mantener un entorno libre de basura y alentamos a nuestros clientes a reciclar.<\/p><\/div>\n\t\t\t\t<\/div>\n\t\t\t\t\t\t\t\t<\/div>\n\t\t\t\t\t\t<\/div>\n\t\t\t\t<\/div>\n\t\t\t\t<\/div>\n\t\t\t\t\t<\/div>\n\t\t\t\t<\/div>\n\t\t\t\t<\/div>\n\t\t","protected":false},"excerpt":{"rendered":"<p>Preservar Nuestro Planeta Nuestra ambici\u00f3n es reducir el impacto medioambiental y preservar la salud de nuestro planeta. Preservar Nuestro Planeta SUSTENTABILIDAD DE LOS ENVOLTORIOS ABASTECIMIENTO RESPONSABLE CLIMA Y CONSERVACI\u00d3N Clima y Conservaci\u00f3n Creemos que construir e implementar soluciones que se basen en la ciencia para abordar los riesgos asociados con el cambio clim\u00e1tico es importante [&hellip;]<\/p>\n","protected":false},"author":1,"featured_media":0,"parent":1021,"menu_order":0,"comment_status":"closed","ping_status":"closed","template":"elementor_header_footer","meta":{"footnotes":""},"class_list":["post-1100","page","type-page","status-publish","hentry"],"_links":{"self":[{"href":"https:\/\/subway.com.uy\/index.php\/wp-json\/wp\/v2\/pages\/1100","targetHints":{"allow":["GET"]}}],"collection":[{"href":"https:\/\/subway.com.uy\/index.php\/wp-json\/wp\/v2\/pages"}],"about":[{"href":"https:\/\/subway.com.uy\/index.php\/wp-json\/wp\/v2\/types\/page"}],"author":[{"embeddable":true,"href":"https:\/\/subway.com.uy\/index.php\/wp-json\/wp\/v2\/users\/1"}],"replies":[{"embeddable":true,"href":"https:\/\/subway.com.uy\/index.php\/wp-json\/wp\/v2\/comments?post=1100"}],"version-history":[{"count":10,"href":"https:\/\/subway.com.uy\/index.php\/wp-json\/wp\/v2\/pages\/1100\/revisions"}],"predecessor-version":[{"id":1112,"href":"https:\/\/subway.com.uy\/index.php\/wp-json\/wp\/v2\/pages\/1100\/revisions\/1112"}],"up":[{"embeddable":true,"href":"https:\/\/subway.com.uy\/index.php\/wp-json\/wp\/v2\/pages\/1021"}],"wp:attachment":[{"href":"https:\/\/subway.com.uy\/index.php\/wp-json\/wp\/v2\/media?parent=1100"}],"curies":[{"name":"wp","href":"https:\/\/api.w.org\/{rel}","templated":true}]}}