{"id":1119,"date":"2023-12-14T19:16:26","date_gmt":"2023-12-14T19:16:26","guid":{"rendered":"http:\/\/170.249.220.82\/~wwwsubwaycom\/?page_id=1119"},"modified":"2023-12-14T19:39:29","modified_gmt":"2023-12-14T19:39:29","slug":"brindando-servicios-a-nuestras-comunidades","status":"publish","type":"page","link":"https:\/\/subway.com.uy\/index.php\/sustentabilidad\/brindando-servicios-a-nuestras-comunidades\/","title":{"rendered":"Brindando Servicios a Nuestras Comunidades"},"content":{"rendered":"\t\t<div data-elementor-type=\"wp-page\" data-elementor-id=\"1119\" class=\"elementor elementor-1119\" data-elementor-post-type=\"page\">\n\t\t\t\t<div class=\"elementor-element elementor-element-1697e8c e-flex e-con-boxed e-con e-parent\" data-id=\"1697e8c\" data-element_type=\"container\">\n\t\t\t\t\t<div class=\"e-con-inner\">\n\t\t\t\t\t<\/div>\n\t\t\t\t<\/div>\n\t\t<div class=\"elementor-element elementor-element-f3d5135 e-con-full e-flex e-con e-parent\" data-id=\"f3d5135\" data-element_type=\"container\">\n\t\t\t\t<div class=\"elementor-element elementor-element-e5a2589 elementor-hidden-desktop elementor-widget elementor-widget-spacer\" data-id=\"e5a2589\" data-element_type=\"widget\" data-widget_type=\"spacer.default\">\n\t\t\t\t<div class=\"elementor-widget-container\">\n\t\t\t\t\t\t\t<div class=\"elementor-spacer\">\n\t\t\t<div class=\"elementor-spacer-inner\"><\/div>\n\t\t<\/div>\n\t\t\t\t\t\t<\/div>\n\t\t\t\t<\/div>\n\t\t\t\t<div class=\"elementor-element elementor-element-1c626c1 elementor-widget elementor-widget-image\" data-id=\"1c626c1\" data-element_type=\"widget\" data-widget_type=\"image.default\">\n\t\t\t\t<div class=\"elementor-widget-container\">\n\t\t\t\t\t\t\t\t\t\t\t\t\t\t\t<img fetchpriority=\"high\" decoding=\"async\" width=\"1280\" height=\"490\" src=\"https:\/\/subway.com.uy\/wp-content\/uploads\/2023\/12\/Communities-Header.jpg\" class=\"attachment-full size-full wp-image-1121\" alt=\"\" srcset=\"https:\/\/subway.com.uy\/wp-content\/uploads\/2023\/12\/Communities-Header.jpg 1280w, https:\/\/subway.com.uy\/wp-content\/uploads\/2023\/12\/Communities-Header-300x115.jpg 300w, https:\/\/subway.com.uy\/wp-content\/uploads\/2023\/12\/Communities-Header-1024x392.jpg 1024w, https:\/\/subway.com.uy\/wp-content\/uploads\/2023\/12\/Communities-Header-768x294.jpg 768w\" sizes=\"(max-width: 1280px) 100vw, 1280px\" \/>\t\t\t\t\t\t\t\t\t\t\t\t\t\t\t<\/div>\n\t\t\t\t<\/div>\n\t\t<div class=\"elementor-element elementor-element-adec8ff e-flex e-con-boxed e-con e-child\" data-id=\"adec8ff\" data-element_type=\"container\">\n\t\t\t\t\t<div class=\"e-con-inner\">\n\t\t<div class=\"elementor-element elementor-element-b7bc784 elementor-hidden-tablet elementor-hidden-mobile e-flex e-con-boxed e-con e-child\" data-id=\"b7bc784\" data-element_type=\"container\" data-settings=\"{&quot;background_background&quot;:&quot;classic&quot;}\">\n\t\t\t\t\t<div class=\"e-con-inner\">\n\t\t\t\t<div class=\"elementor-element elementor-element-294c946 elementor-widget elementor-widget-heading\" data-id=\"294c946\" data-element_type=\"widget\" data-widget_type=\"heading.default\">\n\t\t\t\t<div class=\"elementor-widget-container\">\n\t\t\t\t\t<h2 class=\"elementor-heading-title elementor-size-default\">Construyendo Comunidades m\u00e1s Fuertes<\/h2>\t\t\t\t<\/div>\n\t\t\t\t<\/div>\n\t\t\t\t<div class=\"elementor-element elementor-element-f3076b4 elementor-widget elementor-widget-text-editor\" data-id=\"f3076b4\" data-element_type=\"widget\" data-widget_type=\"text-editor.default\">\n\t\t\t\t<div class=\"elementor-widget-container\">\n\t\t\t\t\t\t\t\t\t<p style=\"text-align: center;\"><span style=\"font-size: 12pt; color: #000000;\">Estamos comprometidos a apoyar a nuestra comunidad, ser socios responsables y retribuir.<\/span><\/p>\t\t\t\t\t\t\t\t<\/div>\n\t\t\t\t<\/div>\n\t\t\t\t\t<\/div>\n\t\t\t\t<\/div>\n\t\t<div class=\"elementor-element elementor-element-00f7e93 elementor-hidden-desktop e-flex e-con-boxed e-con e-child\" data-id=\"00f7e93\" data-element_type=\"container\" data-settings=\"{&quot;background_background&quot;:&quot;classic&quot;}\">\n\t\t\t\t\t<div class=\"e-con-inner\">\n\t\t\t\t<div class=\"elementor-element elementor-element-d543d1f elementor-widget elementor-widget-heading\" data-id=\"d543d1f\" data-element_type=\"widget\" data-widget_type=\"heading.default\">\n\t\t\t\t<div class=\"elementor-widget-container\">\n\t\t\t\t\t<h2 class=\"elementor-heading-title elementor-size-default\">Construyendo Comunidades m\u00e1s Fuertes<\/h2>\t\t\t\t<\/div>\n\t\t\t\t<\/div>\n\t\t\t\t\t<\/div>\n\t\t\t\t<\/div>\n\t\t\t\t\t<\/div>\n\t\t\t\t<\/div>\n\t\t\t\t<\/div>\n\t\t<div class=\"elementor-element elementor-element-6a64591 e-flex e-con-boxed e-con e-parent\" data-id=\"6a64591\" data-element_type=\"container\">\n\t\t\t\t\t<div class=\"e-con-inner\">\n\t\t<div class=\"elementor-element elementor-element-d5dca1d e-con-full e-flex e-con e-child\" data-id=\"d5dca1d\" data-element_type=\"container\">\n\t\t<div class=\"elementor-element elementor-element-e4a0583 e-flex e-con-boxed e-con e-child\" data-id=\"e4a0583\" data-element_type=\"container\" data-settings=\"{&quot;sticky&quot;:&quot;top&quot;,&quot;sticky_offset&quot;:110,&quot;sticky_effects_offset&quot;:12,&quot;sticky_parent&quot;:&quot;yes&quot;,&quot;sticky_on&quot;:[&quot;desktop&quot;,&quot;tablet&quot;,&quot;mobile&quot;],&quot;sticky_anchor_link_offset&quot;:0}\">\n\t\t\t\t\t<div class=\"e-con-inner\">\n\t\t\t\t<div class=\"elementor-element elementor-element-a0b9f77 elementor-widget elementor-widget-text-editor\" data-id=\"a0b9f77\" data-element_type=\"widget\" data-widget_type=\"text-editor.default\">\n\t\t\t\t<div class=\"elementor-widget-container\">\n\t\t\t\t\t\t\t\t\t<a class=\"main_link\" href=\"https:\/\/subway.com.uy\/index.php\/sustentabilidad\/brindando-servicios-a-nuestras-comunidades\/\" type=\"button\" data-buttontext=\"quality\">BRINDANDO SERVICIOS A NUESTRA COMUNIDADES<\/a>\n\n<a class=\"main_link\" href=\"https:\/\/subway.com.uy\/index.php\/sustentabilidad\/nuestra-gente\/\" type=\"button\" data-buttontext=\"Nutritional\">NUESTRA GENTE<\/a>\n\n\t\t\t\t\t\t\t\t<\/div>\n\t\t\t\t<\/div>\n\t\t\t\t\t<\/div>\n\t\t\t\t<\/div>\n\t\t\t\t<\/div>\n\t\t<div class=\"elementor-element elementor-element-d1a388d e-con-full e-flex e-con e-child\" data-id=\"d1a388d\" data-element_type=\"container\">\n\t\t\t\t<div class=\"elementor-element elementor-element-3ed6e78 elementor-widget elementor-widget-heading\" data-id=\"3ed6e78\" data-element_type=\"widget\" data-widget_type=\"heading.default\">\n\t\t\t\t<div class=\"elementor-widget-container\">\n\t\t\t\t\t<h2 class=\"elementor-heading-title elementor-size-default\">Brindando Servicios a Nuestras Comunidades<\/h2>\t\t\t\t<\/div>\n\t\t\t\t<\/div>\n\t\t\t\t<div class=\"elementor-element elementor-element-85a372a elementor-widget elementor-widget-text-editor\" data-id=\"85a372a\" data-element_type=\"widget\" data-widget_type=\"text-editor.default\">\n\t\t\t\t<div class=\"elementor-widget-container\">\n\t\t\t\t\t\t\t\t\t<p style=\"text-align: left;\"><span style=\"color: #000000; font-family: subway2;\"><strong><span style=\"font-size: 12pt;\">En Subway\u00ae, somos m\u00e1s que un restaurante. Somos una familia comprometida a apoyar a las comunidades de las que formamos parte.<\/span><\/strong><\/span><\/p>\t\t\t\t\t\t\t\t<\/div>\n\t\t\t\t<\/div>\n\t\t\t\t<div class=\"elementor-element elementor-element-f1a5fdd elementor-widget elementor-widget-text-editor\" data-id=\"f1a5fdd\" data-element_type=\"widget\" data-widget_type=\"text-editor.default\">\n\t\t\t\t<div class=\"elementor-widget-container\">\n\t\t\t\t\t\t\t\t\t<p class=\"texto-normal\" style=\"text-align: left;\"><span style=\"font-size: 12pt; font-family: subway2; color: #000000;\">Desde nuestros empleados corporativos hasta nuestros miles de franquiciados, nos enorgullecemos de ser miembros bondadosos y activos de la sociedad. Toda la familia Subway\u00ae se enorgullece de retribuir apoyando a las comunidades en las que vivimos y trabajamos.<\/span><\/p>\n\n<p class=\"texto-normal\" style=\"text-align: left;\"><span style=\"font-size: 12pt; font-family: subway2; color: #000000;\">\nSubway\u00ae tiene una s\u00f3lida tradici\u00f3n de ayudar a las comunidades necesitadas. Ya sea entregando alimentos para los socorristas, proporcionando tarjetas de regalo a las personas que se ven afectadas por un desastre natural o apoyando los esfuerzos de respuesta locales mediante organizaciones humanitarias, Subway\u00ae est\u00e1 presente para ayudar.\n<\/p>\t\t\t\t\t\t\t\t<\/div>\n\t\t\t\t<\/div>\n\t\t\t\t<div class=\"elementor-element elementor-element-e8a34cf elementor-widget elementor-widget-image\" data-id=\"e8a34cf\" data-element_type=\"widget\" data-widget_type=\"image.default\">\n\t\t\t\t<div class=\"elementor-widget-container\">\n\t\t\t\t\t\t\t\t\t\t\t\t\t\t\t<img decoding=\"async\" width=\"760\" height=\"400\" src=\"https:\/\/subway.com.uy\/wp-content\/uploads\/2023\/12\/Communities-InLine.jpg\" class=\"attachment-large size-large wp-image-1145\" alt=\"\" srcset=\"https:\/\/subway.com.uy\/wp-content\/uploads\/2023\/12\/Communities-InLine.jpg 760w, https:\/\/subway.com.uy\/wp-content\/uploads\/2023\/12\/Communities-InLine-300x158.jpg 300w\" sizes=\"(max-width: 760px) 100vw, 760px\" \/>\t\t\t\t\t\t\t\t\t\t\t\t\t\t\t<\/div>\n\t\t\t\t<\/div>\n\t\t\t\t<div class=\"elementor-element elementor-element-9c65a76 elementor-widget elementor-widget-text-editor\" data-id=\"9c65a76\" data-element_type=\"widget\" data-widget_type=\"text-editor.default\">\n\t\t\t\t<div class=\"elementor-widget-container\">\n\t\t\t\t\t\t\t\t\t<p class=\"texto-normal\" style=\"text-align: left;\"><span style=\"font-size: 12pt; color: #000000; font-family: subway2;\">Con base en el amplio historial de retribuci\u00f3n de Subway\u00ae, recientemente se cre\u00f3 Subway\u00ae Cares Foundation\u2122, una organizaci\u00f3n 501(c)(3) independiente y sin fines de lucro, para expandir el gran trabajo que los franquiciados de Subway\u00ae est\u00e1n haciendo en sus comunidades locales y generar un impacto significativo a nivel mundial.<\/span><\/p>\n\n<p class=\"texto-normal\" style=\"text-align: left;\"><span style=\"font-size: 12pt; color: #000000; font-family: subway2;\">La Subway\u00ae Cares Foundation\u2122 se esfuerza por garantizar que nuestros futuros l\u00edderes reciban todas las herramientas que necesitan para tener \u00e9xito.\n<\/span><\/p>\n\t\t\t\t\t\t\t\t<\/div>\n\t\t\t\t<\/div>\n\t\t\t\t<div class=\"elementor-element elementor-element-418ec40 elementor-widget elementor-widget-heading\" data-id=\"418ec40\" data-element_type=\"widget\" data-widget_type=\"heading.default\">\n\t\t\t\t<div class=\"elementor-widget-container\">\n\t\t\t\t\t<h2 class=\"elementor-heading-title elementor-size-default\">Estamos presentes para ayudar, ya sea donando alimentos para apoyar los esfuerzos de asistencia o contribuyendo con los franquiciados locales para que reconstruyan sus empresas.\"<\/h2>\t\t\t\t<\/div>\n\t\t\t\t<\/div>\n\t\t\t\t<div class=\"elementor-element elementor-element-bb735c4 elementor-widget elementor-widget-heading\" data-id=\"bb735c4\" data-element_type=\"widget\" data-widget_type=\"heading.default\">\n\t\t\t\t<div class=\"elementor-widget-container\">\n\t\t\t\t\t<h2 class=\"elementor-heading-title elementor-size-default\">Temas de Ciudadan\u00eda Global<\/h2>\t\t\t\t<\/div>\n\t\t\t\t<\/div>\n\t\t\t\t<div class=\"elementor-element elementor-element-3bb89e8 elementor-widget elementor-widget-accordion\" data-id=\"3bb89e8\" data-element_type=\"widget\" data-widget_type=\"accordion.default\">\n\t\t\t\t<div class=\"elementor-widget-container\">\n\t\t\t\t\t\t\t<div class=\"elementor-accordion\">\n\t\t\t\t\t\t\t<div class=\"elementor-accordion-item\">\n\t\t\t\t\t<div id=\"elementor-tab-title-6261\" class=\"elementor-tab-title\" data-tab=\"1\" role=\"button\" aria-controls=\"elementor-tab-content-6261\" aria-expanded=\"false\">\n\t\t\t\t\t\t\t\t\t\t\t\t\t<span class=\"elementor-accordion-icon elementor-accordion-icon-right\" aria-hidden=\"true\">\n\t\t\t\t\t\t\t\t\t\t\t\t\t\t\t<span class=\"elementor-accordion-icon-closed\"><i class=\"fas fa-plus\"><\/i><\/span>\n\t\t\t\t\t\t\t\t<span class=\"elementor-accordion-icon-opened\"><i class=\"fas fa-minus\"><\/i><\/span>\n\t\t\t\t\t\t\t\t\t\t\t\t\t\t<\/span>\n\t\t\t\t\t\t\t\t\t\t\t\t<a class=\"elementor-accordion-title\" tabindex=\"0\">Uso Responsable de Antibi\u00f3ticos<\/a>\n\t\t\t\t\t<\/div>\n\t\t\t\t\t<div id=\"elementor-tab-content-6261\" class=\"elementor-tab-content elementor-clearfix\" data-tab=\"1\" role=\"region\" aria-labelledby=\"elementor-tab-title-6261\"><p>Como empresa mundial, Subway\u00ae se esfuerza por ser un buen ciudadano global. Nos tomamos muy en serio el tema de la resistencia antimicrobiana y creemos que la administraci\u00f3n responsable de los antibi\u00f3ticos durante la crianza de animales de granja es fundamental. Nuestra pol\u00edtica se basa en que los antibi\u00f3ticos se pueden usar para tratar y controlar enfermedades, pero no para promover el crecimiento ni prevenir rutinariamente las enfermedades de los animales de granja. Subway\u00ae ha elaborado una pol\u00edtica global sobre el uso responsable de antibi\u00f3ticos, de acuerdo con la Organizaci\u00f3n Mundial de la Salud (OMS), para fomentar el uso responsable de los antibi\u00f3ticos que son importantes para la medicina humana en nuestra cadena de suministro, as\u00ed como para abordar el uso excesivo de antibi\u00f3ticos en la producci\u00f3n animal.<\/p><\/div>\n\t\t\t\t<\/div>\n\t\t\t\t\t\t\t<div class=\"elementor-accordion-item\">\n\t\t\t\t\t<div id=\"elementor-tab-title-6262\" class=\"elementor-tab-title\" data-tab=\"2\" role=\"button\" aria-controls=\"elementor-tab-content-6262\" aria-expanded=\"false\">\n\t\t\t\t\t\t\t\t\t\t\t\t\t<span class=\"elementor-accordion-icon elementor-accordion-icon-right\" aria-hidden=\"true\">\n\t\t\t\t\t\t\t\t\t\t\t\t\t\t\t<span class=\"elementor-accordion-icon-closed\"><i class=\"fas fa-plus\"><\/i><\/span>\n\t\t\t\t\t\t\t\t<span class=\"elementor-accordion-icon-opened\"><i class=\"fas fa-minus\"><\/i><\/span>\n\t\t\t\t\t\t\t\t\t\t\t\t\t\t<\/span>\n\t\t\t\t\t\t\t\t\t\t\t\t<a class=\"elementor-accordion-title\" tabindex=\"0\">Derecho Humanos y C\u00f3digo de Conducta para Proveedores<\/a>\n\t\t\t\t\t<\/div>\n\t\t\t\t\t<div id=\"elementor-tab-content-6262\" class=\"elementor-tab-content elementor-clearfix\" data-tab=\"2\" role=\"region\" aria-labelledby=\"elementor-tab-title-6262\"><p>Subway\u00ae se compromete a respetar los derechos humanos de los trabajadores en toda la cadena de valor y exige que las pr\u00e1cticas laborales de nuestros proveedores cumplan con nuestro\u00a0C\u00f3digo de Conducta para Proveedores, que proh\u00edbe el trabajo forzado y la esclavitud, y establece nuestras expectativas de empleo, pr\u00e1cticas laborales, compensaci\u00f3n y beneficios, discriminaci\u00f3n, salud y seguridad. Trabajamos de manera continua para fortalecer las medidas de seguridad de nuestra cadena de suministro y garantizar el cumplimiento de las pol\u00edticas pertinentes, que incluyen los derechos de tierra, la deforestaci\u00f3n y la agricultura sostenible.<\/p><\/div>\n\t\t\t\t<\/div>\n\t\t\t\t\t\t\t<div class=\"elementor-accordion-item\">\n\t\t\t\t\t<div id=\"elementor-tab-title-6263\" class=\"elementor-tab-title\" data-tab=\"3\" role=\"button\" aria-controls=\"elementor-tab-content-6263\" aria-expanded=\"false\">\n\t\t\t\t\t\t\t\t\t\t\t\t\t<span class=\"elementor-accordion-icon elementor-accordion-icon-right\" aria-hidden=\"true\">\n\t\t\t\t\t\t\t\t\t\t\t\t\t\t\t<span class=\"elementor-accordion-icon-closed\"><i class=\"fas fa-plus\"><\/i><\/span>\n\t\t\t\t\t\t\t\t<span class=\"elementor-accordion-icon-opened\"><i class=\"fas fa-minus\"><\/i><\/span>\n\t\t\t\t\t\t\t\t\t\t\t\t\t\t<\/span>\n\t\t\t\t\t\t\t\t\t\t\t\t<a class=\"elementor-accordion-title\" tabindex=\"0\">Erradicaci\u00f3n de la Esclavitud Moderna<\/a>\n\t\t\t\t\t<\/div>\n\t\t\t\t\t<div id=\"elementor-tab-content-6263\" class=\"elementor-tab-content elementor-clearfix\" data-tab=\"3\" role=\"region\" aria-labelledby=\"elementor-tab-title-6263\"><p>En Subway\u00ae, reconocemos que la prevenci\u00f3n y erradicaci\u00f3n de la esclavitud moderna y la trata de personas es un desaf\u00edo global. La integridad en nuestras operaciones, productos y cadena de suministro es de suma importancia.Esta declaraci\u00f3n\u00a0aborda la Ley de Esclavitud Moderna del Reino Unido (Modern Slavery Act of the United Kingdom) y la Ley de Transparencia en las Cadenas de Suministro de California (California Transparency in Supply Chains Act) para el a\u00f1o fiscal 2020..<\/p><\/div>\n\t\t\t\t<\/div>\n\t\t\t\t\t\t\t<div class=\"elementor-accordion-item\">\n\t\t\t\t\t<div id=\"elementor-tab-title-6264\" class=\"elementor-tab-title\" data-tab=\"4\" role=\"button\" aria-controls=\"elementor-tab-content-6264\" aria-expanded=\"false\">\n\t\t\t\t\t\t\t\t\t\t\t\t\t<span class=\"elementor-accordion-icon elementor-accordion-icon-right\" aria-hidden=\"true\">\n\t\t\t\t\t\t\t\t\t\t\t\t\t\t\t<span class=\"elementor-accordion-icon-closed\"><i class=\"fas fa-plus\"><\/i><\/span>\n\t\t\t\t\t\t\t\t<span class=\"elementor-accordion-icon-opened\"><i class=\"fas fa-minus\"><\/i><\/span>\n\t\t\t\t\t\t\t\t\t\t\t\t\t\t<\/span>\n\t\t\t\t\t\t\t\t\t\t\t\t<a class=\"elementor-accordion-title\" tabindex=\"0\">Participaci\u00f3n de las Partes Interesadas<\/a>\n\t\t\t\t\t<\/div>\n\t\t\t\t\t<div id=\"elementor-tab-content-6264\" class=\"elementor-tab-content elementor-clearfix\" data-tab=\"4\" role=\"region\" aria-labelledby=\"elementor-tab-title-6264\"><p>Valoramos las opiniones de todas nuestras partes interesadas, y las sugerencias que recibimos de estas son fundamentales para el desarrollo de nuestras pol\u00edticas, compromisos y medidas. Escuchamos de manera activa y entablamos conversaciones con personas y organizaciones que tienen diferentes perspectivas para ayudarnos a comprender mejor los distintos enfoques e incorporar ideas diversas en nuestros esfuerzos.<\/p><\/div>\n\t\t\t\t<\/div>\n\t\t\t\t\t\t\t\t<\/div>\n\t\t\t\t\t\t<\/div>\n\t\t\t\t<\/div>\n\t\t\t\t<\/div>\n\t\t\t\t\t<\/div>\n\t\t\t\t<\/div>\n\t\t\t\t<\/div>\n\t\t","protected":false},"excerpt":{"rendered":"<p>Construyendo Comunidades m\u00e1s Fuertes Estamos comprometidos a apoyar a nuestra comunidad, ser socios responsables y retribuir. Construyendo Comunidades m\u00e1s Fuertes BRINDANDO SERVICIOS A NUESTRA COMUNIDADES NUESTRA GENTE Brindando Servicios a Nuestras Comunidades En Subway\u00ae, somos m\u00e1s que un restaurante. Somos una familia comprometida a apoyar a las comunidades de las que formamos parte. Desde nuestros [&hellip;]<\/p>\n","protected":false},"author":1,"featured_media":0,"parent":1021,"menu_order":0,"comment_status":"closed","ping_status":"closed","template":"elementor_header_footer","meta":{"footnotes":""},"class_list":["post-1119","page","type-page","status-publish","hentry"],"_links":{"self":[{"href":"https:\/\/subway.com.uy\/index.php\/wp-json\/wp\/v2\/pages\/1119","targetHints":{"allow":["GET"]}}],"collection":[{"href":"https:\/\/subway.com.uy\/index.php\/wp-json\/wp\/v2\/pages"}],"about":[{"href":"https:\/\/subway.com.uy\/index.php\/wp-json\/wp\/v2\/types\/page"}],"author":[{"embeddable":true,"href":"https:\/\/subway.com.uy\/index.php\/wp-json\/wp\/v2\/users\/1"}],"replies":[{"embeddable":true,"href":"https:\/\/subway.com.uy\/index.php\/wp-json\/wp\/v2\/comments?post=1119"}],"version-history":[{"count":22,"href":"https:\/\/subway.com.uy\/index.php\/wp-json\/wp\/v2\/pages\/1119\/revisions"}],"predecessor-version":[{"id":1158,"href":"https:\/\/subway.com.uy\/index.php\/wp-json\/wp\/v2\/pages\/1119\/revisions\/1158"}],"up":[{"embeddable":true,"href":"https:\/\/subway.com.uy\/index.php\/wp-json\/wp\/v2\/pages\/1021"}],"wp:attachment":[{"href":"https:\/\/subway.com.uy\/index.php\/wp-json\/wp\/v2\/media?parent=1119"}],"curies":[{"name":"wp","href":"https:\/\/api.w.org\/{rel}","templated":true}]}}