{"id":1176,"date":"2023-12-14T20:04:25","date_gmt":"2023-12-14T20:04:25","guid":{"rendered":"http:\/\/170.249.220.82\/~wwwsubwaycom\/?page_id=1176"},"modified":"2023-12-14T20:12:53","modified_gmt":"2023-12-14T20:12:53","slug":"empleo","status":"publish","type":"page","link":"https:\/\/subway.com.uy\/index.php\/empleo\/","title":{"rendered":"Empleo"},"content":{"rendered":"\t\t<div data-elementor-type=\"wp-page\" data-elementor-id=\"1176\" class=\"elementor elementor-1176\" data-elementor-post-type=\"page\">\n\t\t\t\t<div class=\"elementor-element elementor-element-5f3a173 e-con-full e-flex e-con e-parent\" data-id=\"5f3a173\" data-element_type=\"container\">\n\t\t\t\t<div class=\"elementor-element elementor-element-933f00a elementor-hidden-desktop elementor-widget elementor-widget-spacer\" data-id=\"933f00a\" data-element_type=\"widget\" data-widget_type=\"spacer.default\">\n\t\t\t\t<div class=\"elementor-widget-container\">\n\t\t\t\t\t\t\t<div class=\"elementor-spacer\">\n\t\t\t<div class=\"elementor-spacer-inner\"><\/div>\n\t\t<\/div>\n\t\t\t\t\t\t<\/div>\n\t\t\t\t<\/div>\n\t\t\t\t<div class=\"elementor-element elementor-element-79454d6 elementor-widget elementor-widget-image\" data-id=\"79454d6\" data-element_type=\"widget\" data-widget_type=\"image.default\">\n\t\t\t\t<div class=\"elementor-widget-container\">\n\t\t\t\t\t\t\t\t\t\t\t\t\t\t\t<img fetchpriority=\"high\" decoding=\"async\" width=\"1280\" height=\"490\" src=\"https:\/\/subway.com.uy\/wp-content\/uploads\/2023\/12\/Careers_HeroMainCard_ConferenceRoom_Dsk_EN-US.jpg\" class=\"attachment-full size-full wp-image-1178\" alt=\"\" srcset=\"https:\/\/subway.com.uy\/wp-content\/uploads\/2023\/12\/Careers_HeroMainCard_ConferenceRoom_Dsk_EN-US.jpg 1280w, https:\/\/subway.com.uy\/wp-content\/uploads\/2023\/12\/Careers_HeroMainCard_ConferenceRoom_Dsk_EN-US-300x115.jpg 300w, https:\/\/subway.com.uy\/wp-content\/uploads\/2023\/12\/Careers_HeroMainCard_ConferenceRoom_Dsk_EN-US-1024x392.jpg 1024w, https:\/\/subway.com.uy\/wp-content\/uploads\/2023\/12\/Careers_HeroMainCard_ConferenceRoom_Dsk_EN-US-768x294.jpg 768w\" sizes=\"(max-width: 1280px) 100vw, 1280px\" \/>\t\t\t\t\t\t\t\t\t\t\t\t\t\t\t<\/div>\n\t\t\t\t<\/div>\n\t\t<div class=\"elementor-element elementor-element-ef24b00 e-flex e-con-boxed e-con e-child\" data-id=\"ef24b00\" data-element_type=\"container\">\n\t\t\t\t\t<div class=\"e-con-inner\">\n\t\t<div class=\"elementor-element elementor-element-dd934e9 elementor-hidden-tablet elementor-hidden-mobile e-flex e-con-boxed e-con e-child\" data-id=\"dd934e9\" data-element_type=\"container\" data-settings=\"{&quot;background_background&quot;:&quot;classic&quot;}\">\n\t\t\t\t\t<div class=\"e-con-inner\">\n\t\t\t\t<div class=\"elementor-element elementor-element-1651c24 elementor-widget elementor-widget-heading\" data-id=\"1651c24\" data-element_type=\"widget\" data-widget_type=\"heading.default\">\n\t\t\t\t<div class=\"elementor-widget-container\">\n\t\t\t\t\t<h2 class=\"elementor-heading-title elementor-size-default\">\u00danete al Equipo de Subway\u00ae<\/h2>\t\t\t\t<\/div>\n\t\t\t\t<\/div>\n\t\t\t\t<div class=\"elementor-element elementor-element-8974c28 elementor-widget elementor-widget-text-editor\" data-id=\"8974c28\" data-element_type=\"widget\" data-widget_type=\"text-editor.default\">\n\t\t\t\t<div class=\"elementor-widget-container\">\n\t\t\t\t\t\t\t\t\t<p style=\"text-align: center;\"><span style=\"font-size: 12pt; color: #000000;\">Tienes que actualizarte para renovarte. En Subway\u00ae, siempre evolucionamos para servir comida rica y crear un gran lugar de trabajo.<\/span><\/p>\t\t\t\t\t\t\t\t<\/div>\n\t\t\t\t<\/div>\n\t\t\t\t\t<\/div>\n\t\t\t\t<\/div>\n\t\t<div class=\"elementor-element elementor-element-81dfc63 elementor-hidden-desktop e-flex e-con-boxed e-con e-child\" data-id=\"81dfc63\" data-element_type=\"container\" data-settings=\"{&quot;background_background&quot;:&quot;classic&quot;}\">\n\t\t\t\t\t<div class=\"e-con-inner\">\n\t\t\t\t<div class=\"elementor-element elementor-element-df1c29a elementor-widget elementor-widget-heading\" data-id=\"df1c29a\" data-element_type=\"widget\" data-widget_type=\"heading.default\">\n\t\t\t\t<div class=\"elementor-widget-container\">\n\t\t\t\t\t<h2 class=\"elementor-heading-title elementor-size-default\">\u00danete al Equipo de Subway\u00ae<\/h2>\t\t\t\t<\/div>\n\t\t\t\t<\/div>\n\t\t\t\t\t<\/div>\n\t\t\t\t<\/div>\n\t\t\t\t\t<\/div>\n\t\t\t\t<\/div>\n\t\t\t\t<\/div>\n\t\t<div class=\"elementor-element elementor-element-1513a8f e-flex e-con-boxed e-con e-parent\" data-id=\"1513a8f\" data-element_type=\"container\">\n\t\t\t\t\t<div class=\"e-con-inner\">\n\t\t<div class=\"elementor-element elementor-element-ee5efe4 e-con-full e-flex e-con e-child\" data-id=\"ee5efe4\" data-element_type=\"container\">\n\t\t<div class=\"elementor-element elementor-element-940921f e-flex e-con-boxed e-con e-child\" data-id=\"940921f\" data-element_type=\"container\">\n\t\t\t\t\t<div class=\"e-con-inner\">\n\t\t\t\t<div class=\"elementor-element elementor-element-2090d51 elementor-widget elementor-widget-image\" data-id=\"2090d51\" data-element_type=\"widget\" data-widget_type=\"image.default\">\n\t\t\t\t<div class=\"elementor-widget-container\">\n\t\t\t\t\t\t\t\t\t\t\t\t\t\t\t<img decoding=\"async\" width=\"565\" height=\"318\" src=\"https:\/\/subway.com.uy\/wp-content\/uploads\/2023\/12\/Careers_2CardUpStandard_Collaboration_Dsk_EN-US.jpg\" class=\"attachment-large size-large wp-image-1179\" alt=\"\" srcset=\"https:\/\/subway.com.uy\/wp-content\/uploads\/2023\/12\/Careers_2CardUpStandard_Collaboration_Dsk_EN-US.jpg 565w, https:\/\/subway.com.uy\/wp-content\/uploads\/2023\/12\/Careers_2CardUpStandard_Collaboration_Dsk_EN-US-300x169.jpg 300w\" sizes=\"(max-width: 565px) 100vw, 565px\" \/>\t\t\t\t\t\t\t\t\t\t\t\t\t\t\t<\/div>\n\t\t\t\t<\/div>\n\t\t\t\t<div class=\"elementor-element elementor-element-76d5607 elementor-widget elementor-widget-heading\" data-id=\"76d5607\" data-element_type=\"widget\" data-widget_type=\"heading.default\">\n\t\t\t\t<div class=\"elementor-widget-container\">\n\t\t\t\t\t<h2 class=\"elementor-heading-title elementor-size-default\">Actualiza tu Carrera<\/h2>\t\t\t\t<\/div>\n\t\t\t\t<\/div>\n\t\t\t\t<div class=\"elementor-element elementor-element-1c2a4b5 elementor-widget elementor-widget-text-editor\" data-id=\"1c2a4b5\" data-element_type=\"widget\" data-widget_type=\"text-editor.default\">\n\t\t\t\t<div class=\"elementor-widget-container\">\n\t\t\t\t\t\t\t\t\t<p class=\"texto-normal\" style=\"text-align: left;\">Nos comprometemos a nutrir el talento y ayudar a nuestros profesionales a potenciar sus carreras con Subway\u00ae. Actualiza tu carrera y \u00fanete a nuestro equipo global.<\/p>\t\t\t\t\t\t\t\t<\/div>\n\t\t\t\t<\/div>\n\t\t\t\t<div class=\"elementor-element elementor-element-8146b09 elementor-widget elementor-widget-button\" data-id=\"8146b09\" data-element_type=\"widget\" data-widget_type=\"button.default\">\n\t\t\t\t<div class=\"elementor-widget-container\">\n\t\t\t\t\t\t\t\t\t<div class=\"elementor-button-wrapper\">\n\t\t\t\t\t<a class=\"elementor-button elementor-button-link elementor-size-sm\" href=\"https:\/\/can232.dayforcehcm.com\/CandidatePortal\/en-US\/subway\">\n\t\t\t\t\t\t<span class=\"elementor-button-content-wrapper\">\n\t\t\t\t\t\t\t\t\t<span class=\"elementor-button-text\">EXPLORAR CARRERAS CORPORATIVAS<\/span>\n\t\t\t\t\t<\/span>\n\t\t\t\t\t<\/a>\n\t\t\t\t<\/div>\n\t\t\t\t\t\t\t\t<\/div>\n\t\t\t\t<\/div>\n\t\t\t\t\t<\/div>\n\t\t\t\t<\/div>\n\t\t\t\t<\/div>\n\t\t<div class=\"elementor-element elementor-element-7e179d0 e-con-full elementor-hidden-desktop elementor-hidden-tablet elementor-hidden-mobile e-flex e-con e-child\" data-id=\"7e179d0\" data-element_type=\"container\">\n\t\t<div class=\"elementor-element elementor-element-21aa6bf e-flex e-con-boxed e-con e-child\" data-id=\"21aa6bf\" data-element_type=\"container\">\n\t\t\t\t\t<div class=\"e-con-inner\">\n\t\t\t\t<div class=\"elementor-element elementor-element-2dcb80c elementor-widget elementor-widget-image\" data-id=\"2dcb80c\" data-element_type=\"widget\" data-widget_type=\"image.default\">\n\t\t\t\t<div class=\"elementor-widget-container\">\n\t\t\t\t\t\t\t\t\t\t\t\t\t\t\t<img decoding=\"async\" width=\"565\" height=\"318\" src=\"https:\/\/subway.com.uy\/wp-content\/uploads\/2023\/12\/Sustainability-Well-Being-2CardUp.jpg\" class=\"attachment-large size-large wp-image-1168\" alt=\"\" srcset=\"https:\/\/subway.com.uy\/wp-content\/uploads\/2023\/12\/Sustainability-Well-Being-2CardUp.jpg 565w, https:\/\/subway.com.uy\/wp-content\/uploads\/2023\/12\/Sustainability-Well-Being-2CardUp-300x169.jpg 300w\" sizes=\"(max-width: 565px) 100vw, 565px\" \/>\t\t\t\t\t\t\t\t\t\t\t\t\t\t\t<\/div>\n\t\t\t\t<\/div>\n\t\t\t\t<div class=\"elementor-element elementor-element-725160c elementor-widget elementor-widget-heading\" data-id=\"725160c\" data-element_type=\"widget\" data-widget_type=\"heading.default\">\n\t\t\t\t<div class=\"elementor-widget-container\">\n\t\t\t\t\t<h2 class=\"elementor-heading-title elementor-size-default\">Promoviendo el Bienestar<\/h2>\t\t\t\t<\/div>\n\t\t\t\t<\/div>\n\t\t\t\t<div class=\"elementor-element elementor-element-f96f87e elementor-widget elementor-widget-text-editor\" data-id=\"f96f87e\" data-element_type=\"widget\" data-widget_type=\"text-editor.default\">\n\t\t\t\t<div class=\"elementor-widget-container\">\n\t\t\t\t\t\t\t\t\t<p class=\"texto-normal\" style=\"text-align: left;\">Nuestra misi\u00f3n es ayudar a nuestros clientes a vivir vidas equilibradas al ofrecerles una amplia gama de opciones de men\u00fa que les permitan tomar mejores decisiones.<\/p>\t\t\t\t\t\t\t\t<\/div>\n\t\t\t\t<\/div>\n\t\t\t\t<div class=\"elementor-element elementor-element-7c89394 elementor-widget elementor-widget-button\" data-id=\"7c89394\" data-element_type=\"widget\" data-widget_type=\"button.default\">\n\t\t\t\t<div class=\"elementor-widget-container\">\n\t\t\t\t\t\t\t\t\t<div class=\"elementor-button-wrapper\">\n\t\t\t\t\t<a class=\"elementor-button elementor-button-link elementor-size-sm\" href=\"https:\/\/subway.com.uy\/index.php\/sustentabilidad\/bienestar\/\">\n\t\t\t\t\t\t<span class=\"elementor-button-content-wrapper\">\n\t\t\t\t\t\t\t\t\t<span class=\"elementor-button-text\">LEER M\u00c1S<\/span>\n\t\t\t\t\t<\/span>\n\t\t\t\t\t<\/a>\n\t\t\t\t<\/div>\n\t\t\t\t\t\t\t\t<\/div>\n\t\t\t\t<\/div>\n\t\t\t\t\t<\/div>\n\t\t\t\t<\/div>\n\t\t\t\t<\/div>\n\t\t\t\t\t<\/div>\n\t\t\t\t<\/div>\n\t\t<div class=\"elementor-element elementor-element-c632ecf e-flex e-con-boxed e-con e-parent\" data-id=\"c632ecf\" data-element_type=\"container\" data-settings=\"{&quot;background_background&quot;:&quot;classic&quot;}\">\n\t\t\t\t\t<div class=\"e-con-inner\">\n\t\t\t\t<div class=\"elementor-element elementor-element-5f2022b elementor-widget elementor-widget-heading\" data-id=\"5f2022b\" data-element_type=\"widget\" data-widget_type=\"heading.default\">\n\t\t\t\t<div class=\"elementor-widget-container\">\n\t\t\t\t\t<h2 class=\"elementor-heading-title elementor-size-default\">Nuestra Cultura<\/h2>\t\t\t\t<\/div>\n\t\t\t\t<\/div>\n\t\t\t\t<div class=\"elementor-element elementor-element-ca4074a elementor-widget elementor-widget-text-editor\" data-id=\"ca4074a\" data-element_type=\"widget\" data-widget_type=\"text-editor.default\">\n\t\t\t\t<div class=\"elementor-widget-container\">\n\t\t\t\t\t\t\t\t\t<p style=\"text-align: left;\"><span style=\"font-size: 12pt; color: #000000;\">Empoderamos a nuestros empleados y los alentamos a destacarse. Al mismo tiempo, nos hacemos responsables de asumir riesgos, nos equivocamos y buscamos incansablemente la excelencia. \u00a1Y nos divertimos! Si no nos divertimos, no lo estamos haciendo bien. Valoramos la diversidad y la inclusi\u00f3n, reunimos a los empleados durante las actividades de toda la sucursal y celebramos los intereses diversos con los grupos de recursos para empleados.<\/span><\/p>\t\t\t\t\t\t\t\t<\/div>\n\t\t\t\t<\/div>\n\t\t\t\t<div class=\"elementor-element elementor-element-6657e03 elementor-widget elementor-widget-video\" data-id=\"6657e03\" data-element_type=\"widget\" data-settings=\"{&quot;youtube_url&quot;:&quot;https:\\\/\\\/www.youtube.com\\\/watch?v=2lYVwuFprcc&quot;,&quot;video_type&quot;:&quot;youtube&quot;,&quot;controls&quot;:&quot;yes&quot;}\" data-widget_type=\"video.default\">\n\t\t\t\t<div class=\"elementor-widget-container\">\n\t\t\t\t\t\t\t<div class=\"elementor-wrapper elementor-open-inline\">\n\t\t\t<div class=\"elementor-video\"><\/div>\t\t<\/div>\n\t\t\t\t\t\t<\/div>\n\t\t\t\t<\/div>\n\t\t\t\t\t<\/div>\n\t\t\t\t<\/div>\n\t\t<div class=\"elementor-element elementor-element-adb6dcd e-flex e-con-boxed e-con e-parent\" data-id=\"adb6dcd\" data-element_type=\"container\">\n\t\t\t\t\t<div class=\"e-con-inner\">\n\t\t\t\t<div class=\"elementor-element elementor-element-7976e62 elementor-widget elementor-widget-spacer\" data-id=\"7976e62\" data-element_type=\"widget\" data-widget_type=\"spacer.default\">\n\t\t\t\t<div class=\"elementor-widget-container\">\n\t\t\t\t\t\t\t<div class=\"elementor-spacer\">\n\t\t\t<div class=\"elementor-spacer-inner\"><\/div>\n\t\t<\/div>\n\t\t\t\t\t\t<\/div>\n\t\t\t\t<\/div>\n\t\t\t\t<div class=\"elementor-element elementor-element-468b940 elementor-widget elementor-widget-heading\" data-id=\"468b940\" data-element_type=\"widget\" data-widget_type=\"heading.default\">\n\t\t\t\t<div class=\"elementor-widget-container\">\n\t\t\t\t\t<h2 class=\"elementor-heading-title elementor-size-default\">Construyamos Juntos un Mejor Subway\u00ae<\/h2>\t\t\t\t<\/div>\n\t\t\t\t<\/div>\n\t\t\t\t<div class=\"elementor-element elementor-element-67fb751 elementor-widget elementor-widget-text-editor\" data-id=\"67fb751\" data-element_type=\"widget\" data-widget_type=\"text-editor.default\">\n\t\t\t\t<div class=\"elementor-widget-container\">\n\t\t\t\t\t\t\t\t\t<p style=\"text-align: left;\"><span style=\"font-size: 12pt; color: #000000;\">Al ser una de las marcas de restaurantes m\u00e1s grandes del mundo, Subway\u00ae atiende a millones de clientes en m\u00e1s de 100 pa\u00edses todos los d\u00edas. \u00danete a nosotros en nuestro viaje para construir un mejor Subway\u00ae. Con dos oficinas centrales en Milford, Connecticut, y Miami, Florida, existen muchas oportunidades para impulsar la innovaci\u00f3n, desde lo culinario y las operaciones hasta el \u00e1rea digital y el mercadeo. Subway\u00ae tambi\u00e9n tiene oficinas de operaciones regionales en Europa, Medio Oriente y \u00c1frica, As\u00eda-Pac\u00edfico y Am\u00e9rica Latina y el Caribe.<\/span><\/p>\t\t\t\t\t\t\t\t<\/div>\n\t\t\t\t<\/div>\n\t\t\t\t\t<\/div>\n\t\t\t\t<\/div>\n\t\t<div class=\"elementor-element elementor-element-620e660 e-flex e-con-boxed e-con e-parent\" data-id=\"620e660\" data-element_type=\"container\">\n\t\t\t\t\t<div class=\"e-con-inner\">\n\t\t<div class=\"elementor-element elementor-element-a1d4e98 e-con-full e-flex e-con e-child\" data-id=\"a1d4e98\" data-element_type=\"container\">\n\t\t<div class=\"elementor-element elementor-element-6a153f5 e-flex e-con-boxed e-con e-child\" data-id=\"6a153f5\" data-element_type=\"container\">\n\t\t\t\t\t<div class=\"e-con-inner\">\n\t\t\t\t<div class=\"elementor-element elementor-element-bea97ca elementor-widget elementor-widget-heading\" data-id=\"bea97ca\" data-element_type=\"widget\" data-widget_type=\"heading.default\">\n\t\t\t\t<div class=\"elementor-widget-container\">\n\t\t\t\t\t<h2 class=\"elementor-heading-title elementor-size-default\">Comienza tu Camino Hacia el \u00c9xito<\/h2>\t\t\t\t<\/div>\n\t\t\t\t<\/div>\n\t\t\t\t<div class=\"elementor-element elementor-element-8c5a176 elementor-widget elementor-widget-text-editor\" data-id=\"8c5a176\" data-element_type=\"widget\" data-widget_type=\"text-editor.default\">\n\t\t\t\t<div class=\"elementor-widget-container\">\n\t\t\t\t\t\t\t\t\t<p class=\"texto-normal\" style=\"text-align: left;\">\u00bfBuscas comenzar una carrera en Subway\u00ae? Obt\u00e9n m\u00e1s informaci\u00f3n sobre nuestra cultura empresarial.<\/p>\t\t\t\t\t\t\t\t<\/div>\n\t\t\t\t<\/div>\n\t\t\t\t<div class=\"elementor-element elementor-element-f896979 elementor-widget elementor-widget-button\" data-id=\"f896979\" data-element_type=\"widget\" data-widget_type=\"button.default\">\n\t\t\t\t<div class=\"elementor-widget-container\">\n\t\t\t\t\t\t\t\t\t<div class=\"elementor-button-wrapper\">\n\t\t\t\t\t<a class=\"elementor-button elementor-button-link elementor-size-sm\" href=\"https:\/\/www.subway.com\/en-us\/-\/media\/northamerica\/usa\/careers\/subwayculturebook\">\n\t\t\t\t\t\t<span class=\"elementor-button-content-wrapper\">\n\t\t\t\t\t\t\t\t\t<span class=\"elementor-button-text\">LEER M\u00c1S<\/span>\n\t\t\t\t\t<\/span>\n\t\t\t\t\t<\/a>\n\t\t\t\t<\/div>\n\t\t\t\t\t\t\t\t<\/div>\n\t\t\t\t<\/div>\n\t\t\t\t\t<\/div>\n\t\t\t\t<\/div>\n\t\t\t\t<\/div>\n\t\t<div class=\"elementor-element elementor-element-e2ee812 e-con-full e-flex e-con e-child\" data-id=\"e2ee812\" data-element_type=\"container\">\n\t\t<div class=\"elementor-element elementor-element-1084fa1 e-flex e-con-boxed e-con e-child\" data-id=\"1084fa1\" data-element_type=\"container\">\n\t\t\t\t\t<div class=\"e-con-inner\">\n\t\t\t\t<div class=\"elementor-element elementor-element-b3f209e elementor-widget elementor-widget-heading\" data-id=\"b3f209e\" data-element_type=\"widget\" data-widget_type=\"heading.default\">\n\t\t\t\t<div class=\"elementor-widget-container\">\n\t\t\t\t\t<h2 class=\"elementor-heading-title elementor-size-default\">\u00danete a Nuestra Red de LinkedIn<\/h2>\t\t\t\t<\/div>\n\t\t\t\t<\/div>\n\t\t\t\t<div class=\"elementor-element elementor-element-53e3796 elementor-widget elementor-widget-text-editor\" data-id=\"53e3796\" data-element_type=\"widget\" data-widget_type=\"text-editor.default\">\n\t\t\t\t<div class=\"elementor-widget-container\">\n\t\t\t\t\t\t\t\t\t<p class=\"texto-normal\" style=\"text-align: left;\">Con\u00e9ctate con nosotros para conocer las \u00faltimas novedades, trabajos e ideas de nuestros l\u00edderes.<\/p>\t\t\t\t\t\t\t\t<\/div>\n\t\t\t\t<\/div>\n\t\t\t\t<div class=\"elementor-element elementor-element-16de9be elementor-widget elementor-widget-button\" data-id=\"16de9be\" data-element_type=\"widget\" data-widget_type=\"button.default\">\n\t\t\t\t<div class=\"elementor-widget-container\">\n\t\t\t\t\t\t\t\t\t<div class=\"elementor-button-wrapper\">\n\t\t\t\t\t<a class=\"elementor-button elementor-button-link elementor-size-sm\" href=\"https:\/\/www.linkedin.com\/company\/subway\">\n\t\t\t\t\t\t<span class=\"elementor-button-content-wrapper\">\n\t\t\t\t\t\t\t\t\t<span class=\"elementor-button-text\">SIGUE A SUBWAY\u00ae EN LINKEDIN<\/span>\n\t\t\t\t\t<\/span>\n\t\t\t\t\t<\/a>\n\t\t\t\t<\/div>\n\t\t\t\t\t\t\t\t<\/div>\n\t\t\t\t<\/div>\n\t\t\t\t\t<\/div>\n\t\t\t\t<\/div>\n\t\t\t\t<\/div>\n\t\t\t\t\t<\/div>\n\t\t\t\t<\/div>\n\t\t\t\t<\/div>\n\t\t","protected":false},"excerpt":{"rendered":"<p>\u00danete al Equipo de Subway\u00ae Tienes que actualizarte para renovarte. En Subway\u00ae, siempre evolucionamos para servir comida rica y crear un gran lugar de trabajo. \u00danete al Equipo de Subway\u00ae Actualiza tu Carrera Nos comprometemos a nutrir el talento y ayudar a nuestros profesionales a potenciar sus carreras con Subway\u00ae. Actualiza tu carrera y \u00fanete [&hellip;]<\/p>\n","protected":false},"author":1,"featured_media":0,"parent":0,"menu_order":0,"comment_status":"closed","ping_status":"closed","template":"elementor_header_footer","meta":{"footnotes":""},"class_list":["post-1176","page","type-page","status-publish","hentry"],"_links":{"self":[{"href":"https:\/\/subway.com.uy\/index.php\/wp-json\/wp\/v2\/pages\/1176","targetHints":{"allow":["GET"]}}],"collection":[{"href":"https:\/\/subway.com.uy\/index.php\/wp-json\/wp\/v2\/pages"}],"about":[{"href":"https:\/\/subway.com.uy\/index.php\/wp-json\/wp\/v2\/types\/page"}],"author":[{"embeddable":true,"href":"https:\/\/subway.com.uy\/index.php\/wp-json\/wp\/v2\/users\/1"}],"replies":[{"embeddable":true,"href":"https:\/\/subway.com.uy\/index.php\/wp-json\/wp\/v2\/comments?post=1176"}],"version-history":[{"count":7,"href":"https:\/\/subway.com.uy\/index.php\/wp-json\/wp\/v2\/pages\/1176\/revisions"}],"predecessor-version":[{"id":1185,"href":"https:\/\/subway.com.uy\/index.php\/wp-json\/wp\/v2\/pages\/1176\/revisions\/1185"}],"wp:attachment":[{"href":"https:\/\/subway.com.uy\/index.php\/wp-json\/wp\/v2\/media?parent=1176"}],"curies":[{"name":"wp","href":"https:\/\/api.w.org\/{rel}","templated":true}]}}