{"id":1447,"date":"2024-12-19T15:18:58","date_gmt":"2024-12-19T15:18:58","guid":{"rendered":"http:\/\/170.249.220.82\/~wwwsubwaycom\/?page_id=1447"},"modified":"2026-05-07T19:32:45","modified_gmt":"2026-05-07T19:32:45","slug":"sub-del-dia","status":"publish","type":"page","link":"https:\/\/subway.com.uy\/index.php\/sub-del-dia\/","title":{"rendered":"Sub del dia"},"content":{"rendered":"\t\t<div data-elementor-type=\"wp-page\" data-elementor-id=\"1447\" class=\"elementor elementor-1447\" data-elementor-post-type=\"page\">\n\t\t\t\t<div class=\"elementor-element elementor-element-c7999f4 e-flex e-con-boxed e-con e-parent\" data-id=\"c7999f4\" data-element_type=\"container\">\n\t\t\t\t\t<div class=\"e-con-inner\">\n\t\t\t\t\t<\/div>\n\t\t\t\t<\/div>\n\t\t<div class=\"elementor-element elementor-element-1e2e252 e-con-full e-flex e-con e-parent\" data-id=\"1e2e252\" data-element_type=\"container\">\n\t\t\t\t<\/div>\n\t\t<div class=\"elementor-element elementor-element-b5bfe62 e-flex e-con-boxed e-con e-parent\" data-id=\"b5bfe62\" data-element_type=\"container\" id=\"combo1\">\n\t\t\t\t\t<div class=\"e-con-inner\">\n\t\t\t\t<div class=\"elementor-element elementor-element-e64a5ff elementor-widget elementor-widget-image\" data-id=\"e64a5ff\" data-element_type=\"widget\" data-widget_type=\"image.default\">\n\t\t\t\t<div class=\"elementor-widget-container\">\n\t\t\t\t\t\t\t\t\t\t\t\t\t\t\t<img fetchpriority=\"high\" decoding=\"async\" width=\"979\" height=\"379\" src=\"https:\/\/subway.com.uy\/wp-content\/uploads\/2026\/05\/Sub-del-dia-1958-x-758-px.jpg\" class=\"attachment-full size-full wp-image-2684\" alt=\"\" srcset=\"https:\/\/subway.com.uy\/wp-content\/uploads\/2026\/05\/Sub-del-dia-1958-x-758-px.jpg 979w, https:\/\/subway.com.uy\/wp-content\/uploads\/2026\/05\/Sub-del-dia-1958-x-758-px-300x116.jpg 300w, https:\/\/subway.com.uy\/wp-content\/uploads\/2026\/05\/Sub-del-dia-1958-x-758-px-768x297.jpg 768w\" sizes=\"(max-width: 979px) 100vw, 979px\" \/>\t\t\t\t\t\t\t\t\t\t\t\t\t\t\t<\/div>\n\t\t\t\t<\/div>\n\t\t\t\t\t<\/div>\n\t\t\t\t<\/div>\n\t\t<div class=\"elementor-element elementor-element-79e2f41 e-flex e-con-boxed e-con e-parent\" data-id=\"79e2f41\" data-element_type=\"container\">\n\t\t\t\t\t<div class=\"e-con-inner\">\n\t\t<div class=\"elementor-element elementor-element-79313a1 e-flex e-con-boxed e-con e-child\" data-id=\"79313a1\" data-element_type=\"container\">\n\t\t\t\t\t<div class=\"e-con-inner\">\n\t\t\t\t<div class=\"elementor-element elementor-element-deb8313 elementor-widget elementor-widget-text-editor\" data-id=\"deb8313\" data-element_type=\"widget\" data-widget_type=\"text-editor.default\">\n\t\t\t\t<div class=\"elementor-widget-container\">\n\t\t\t\t\t\t\t\t\t<h4>\u00bfYa tenes tu d\u00eda de sub favorito? Disfrut\u00e1 cualquier d\u00eda de un delicioso sub a $215, y descubr\u00ed tu opci\u00f3n favorita. No acumulable con otras promociones.<\/h4>\t\t\t\t\t\t\t\t<\/div>\n\t\t\t\t<\/div>\n\t\t\t\t<div class=\"elementor-element elementor-element-41cd6f0 elementor-widget elementor-widget-text-editor\" data-id=\"41cd6f0\" data-element_type=\"widget\" data-widget_type=\"text-editor.default\">\n\t\t\t\t<div class=\"elementor-widget-container\">\n\t\t\t\t\t\t\t\t\t<a href=\"https:\/\/subway.com.uy\/wp-content\/uploads\/2026\/01\/sub-del-dia.pdf\" target=\"_blank><span style=\"text-decoration: underline;\"><span style=\"color: #000000;\"><span style=\"font-size: 12px!important;\">Ver bases y condiciones<\/span><\/span><\/span><\/a>\t\t\t\t\t\t\t\t<\/div>\n\t\t\t\t<\/div>\n\t\t\t\t<div class=\"elementor-element elementor-element-a731f79 elementor-widget elementor-widget-spacer\" data-id=\"a731f79\" data-element_type=\"widget\" data-widget_type=\"spacer.default\">\n\t\t\t\t<div class=\"elementor-widget-container\">\n\t\t\t\t\t\t\t<div class=\"elementor-spacer\">\n\t\t\t<div class=\"elementor-spacer-inner\"><\/div>\n\t\t<\/div>\n\t\t\t\t\t\t<\/div>\n\t\t\t\t<\/div>\n\t\t\t\t\t<\/div>\n\t\t\t\t<\/div>\n\t\t\t\t\t<\/div>\n\t\t\t\t<\/div>\n\t\t\t\t<\/div>\n\t\t","protected":false},"excerpt":{"rendered":"<p>\u00bfYa tenes tu d\u00eda de sub favorito? Disfrut\u00e1 cualquier d\u00eda de un delicioso sub a $215, y descubr\u00ed tu opci\u00f3n favorita. No acumulable con otras promociones.<\/p>\n","protected":false},"author":1,"featured_media":2067,"parent":0,"menu_order":0,"comment_status":"closed","ping_status":"closed","template":"elementor_header_footer","meta":{"footnotes":""},"class_list":["post-1447","page","type-page","status-publish","has-post-thumbnail","hentry"],"_links":{"self":[{"href":"https:\/\/subway.com.uy\/index.php\/wp-json\/wp\/v2\/pages\/1447","targetHints":{"allow":["GET"]}}],"collection":[{"href":"https:\/\/subway.com.uy\/index.php\/wp-json\/wp\/v2\/pages"}],"about":[{"href":"https:\/\/subway.com.uy\/index.php\/wp-json\/wp\/v2\/types\/page"}],"author":[{"embeddable":true,"href":"https:\/\/subway.com.uy\/index.php\/wp-json\/wp\/v2\/users\/1"}],"replies":[{"embeddable":true,"href":"https:\/\/subway.com.uy\/index.php\/wp-json\/wp\/v2\/comments?post=1447"}],"version-history":[{"count":34,"href":"https:\/\/subway.com.uy\/index.php\/wp-json\/wp\/v2\/pages\/1447\/revisions"}],"predecessor-version":[{"id":2691,"href":"https:\/\/subway.com.uy\/index.php\/wp-json\/wp\/v2\/pages\/1447\/revisions\/2691"}],"wp:featuredmedia":[{"embeddable":true,"href":"https:\/\/subway.com.uy\/index.php\/wp-json\/wp\/v2\/media\/2067"}],"wp:attachment":[{"href":"https:\/\/subway.com.uy\/index.php\/wp-json\/wp\/v2\/media?parent=1447"}],"curies":[{"name":"wp","href":"https:\/\/api.w.org\/{rel}","templated":true}]}}