{"id":1459,"date":"2024-12-19T15:45:00","date_gmt":"2024-12-19T15:45:00","guid":{"rendered":"http:\/\/170.249.220.82\/~wwwsubwaycom\/?page_id=1459"},"modified":"2026-02-02T17:55:30","modified_gmt":"2026-02-02T17:55:30","slug":"wow","status":"publish","type":"page","link":"https:\/\/subway.com.uy\/index.php\/wow\/","title":{"rendered":"WOW"},"content":{"rendered":"\t\t<div data-elementor-type=\"wp-page\" data-elementor-id=\"1459\" class=\"elementor elementor-1459\" data-elementor-post-type=\"page\">\n\t\t\t\t<div class=\"elementor-element elementor-element-c7999f4 e-flex e-con-boxed e-con e-parent\" data-id=\"c7999f4\" data-element_type=\"container\">\n\t\t\t\t\t<div class=\"e-con-inner\">\n\t\t\t\t\t<\/div>\n\t\t\t\t<\/div>\n\t\t<div class=\"elementor-element elementor-element-1e2e252 e-con-full e-flex e-con e-parent\" data-id=\"1e2e252\" data-element_type=\"container\">\n\t\t\t\t<div class=\"elementor-element elementor-element-93eb490 elementor-widget elementor-widget-spacer\" data-id=\"93eb490\" data-element_type=\"widget\" data-widget_type=\"spacer.default\">\n\t\t\t\t<div class=\"elementor-widget-container\">\n\t\t\t\t\t\t\t<div class=\"elementor-spacer\">\n\t\t\t<div class=\"elementor-spacer-inner\"><\/div>\n\t\t<\/div>\n\t\t\t\t\t\t<\/div>\n\t\t\t\t<\/div>\n\t\t<div class=\"elementor-element elementor-element-c501f28 e-con-full e-flex e-con e-child\" data-id=\"c501f28\" data-element_type=\"container\">\n\t\t\t\t<div class=\"elementor-element elementor-element-9387e7d elementor-widget__width-initial elementor-widget elementor-widget-image\" data-id=\"9387e7d\" data-element_type=\"widget\" data-widget_type=\"image.default\">\n\t\t\t\t<div class=\"elementor-widget-container\">\n\t\t\t\t\t\t\t\t\t\t\t\t\t\t\t<img fetchpriority=\"high\" decoding=\"async\" width=\"1920\" height=\"1080\" src=\"https:\/\/subway.com.uy\/wp-content\/uploads\/2025\/12\/Banner-WOW-horizontal-promociones-px_vv.jpg\" class=\"attachment-full size-full wp-image-2448\" alt=\"\" srcset=\"https:\/\/subway.com.uy\/wp-content\/uploads\/2025\/12\/Banner-WOW-horizontal-promociones-px_vv.jpg 1920w, https:\/\/subway.com.uy\/wp-content\/uploads\/2025\/12\/Banner-WOW-horizontal-promociones-px_vv-300x169.jpg 300w, https:\/\/subway.com.uy\/wp-content\/uploads\/2025\/12\/Banner-WOW-horizontal-promociones-px_vv-1024x576.jpg 1024w, https:\/\/subway.com.uy\/wp-content\/uploads\/2025\/12\/Banner-WOW-horizontal-promociones-px_vv-768x432.jpg 768w, https:\/\/subway.com.uy\/wp-content\/uploads\/2025\/12\/Banner-WOW-horizontal-promociones-px_vv-1536x864.jpg 1536w\" sizes=\"(max-width: 1920px) 100vw, 1920px\" \/>\t\t\t\t\t\t\t\t\t\t\t\t\t\t\t<\/div>\n\t\t\t\t<\/div>\n\t\t\t\t<\/div>\n\t\t\t\t<\/div>\n\t\t<div class=\"elementor-element elementor-element-79e2f41 e-flex e-con-boxed e-con e-parent\" data-id=\"79e2f41\" data-element_type=\"container\">\n\t\t\t\t\t<div class=\"e-con-inner\">\n\t\t<div class=\"elementor-element elementor-element-79313a1 e-flex e-con-boxed e-con e-child\" data-id=\"79313a1\" data-element_type=\"container\">\n\t\t\t\t\t<div class=\"e-con-inner\">\n\t\t\t\t<div class=\"elementor-element elementor-element-deb8313 elementor-widget elementor-widget-text-editor\" data-id=\"deb8313\" data-element_type=\"widget\" data-widget_type=\"text-editor.default\">\n\t\t\t\t<div class=\"elementor-widget-container\">\n\t\t\t\t\t\t\t\t\t<h4>Sub de jam\u00f3n 15 cm, disponible todos los d\u00edas a tan solo $195. Aprovech\u00e1 esta promoci\u00f3n exquisita y econ\u00f3mica en cualquiera de nuestros locales.<\/h4>\t\t\t\t\t\t\t\t<\/div>\n\t\t\t\t<\/div>\n\t\t\t\t<div class=\"elementor-element elementor-element-41cd6f0 elementor-widget elementor-widget-text-editor\" data-id=\"41cd6f0\" data-element_type=\"widget\" data-widget_type=\"text-editor.default\">\n\t\t\t\t<div class=\"elementor-widget-container\">\n\t\t\t\t\t\t\t\t\t<a href=\"https:\/\/subway.com.uy\/wp-content\/uploads\/2026\/01\/bases-wow.pdf\" target=\"_blank;><span style=\"text-decoration: underline;\"><span style=\"color: #000000;\"><span style=\"font-size: 12px!important;\">Ver bases y condiciones<\/span><\/span><\/span><\/a>\t\t\t\t\t\t\t\t<\/div>\n\t\t\t\t<\/div>\n\t\t\t\t<div class=\"elementor-element elementor-element-a731f79 elementor-widget elementor-widget-spacer\" data-id=\"a731f79\" data-element_type=\"widget\" data-widget_type=\"spacer.default\">\n\t\t\t\t<div class=\"elementor-widget-container\">\n\t\t\t\t\t\t\t<div class=\"elementor-spacer\">\n\t\t\t<div class=\"elementor-spacer-inner\"><\/div>\n\t\t<\/div>\n\t\t\t\t\t\t<\/div>\n\t\t\t\t<\/div>\n\t\t\t\t\t<\/div>\n\t\t\t\t<\/div>\n\t\t\t\t\t<\/div>\n\t\t\t\t<\/div>\n\t\t\t\t<\/div>\n\t\t","protected":false},"excerpt":{"rendered":"<p>Sub de jam\u00f3n 15 cm, disponible todos los d\u00edas a tan solo $195. Aprovech\u00e1 esta promoci\u00f3n exquisita y econ\u00f3mica en cualquiera de nuestros locales.<\/p>\n","protected":false},"author":1,"featured_media":2279,"parent":0,"menu_order":0,"comment_status":"closed","ping_status":"closed","template":"elementor_header_footer","meta":{"footnotes":""},"class_list":["post-1459","page","type-page","status-publish","has-post-thumbnail","hentry"],"_links":{"self":[{"href":"https:\/\/subway.com.uy\/index.php\/wp-json\/wp\/v2\/pages\/1459","targetHints":{"allow":["GET"]}}],"collection":[{"href":"https:\/\/subway.com.uy\/index.php\/wp-json\/wp\/v2\/pages"}],"about":[{"href":"https:\/\/subway.com.uy\/index.php\/wp-json\/wp\/v2\/types\/page"}],"author":[{"embeddable":true,"href":"https:\/\/subway.com.uy\/index.php\/wp-json\/wp\/v2\/users\/1"}],"replies":[{"embeddable":true,"href":"https:\/\/subway.com.uy\/index.php\/wp-json\/wp\/v2\/comments?post=1459"}],"version-history":[{"count":25,"href":"https:\/\/subway.com.uy\/index.php\/wp-json\/wp\/v2\/pages\/1459\/revisions"}],"predecessor-version":[{"id":2680,"href":"https:\/\/subway.com.uy\/index.php\/wp-json\/wp\/v2\/pages\/1459\/revisions\/2680"}],"wp:featuredmedia":[{"embeddable":true,"href":"https:\/\/subway.com.uy\/index.php\/wp-json\/wp\/v2\/media\/2279"}],"wp:attachment":[{"href":"https:\/\/subway.com.uy\/index.php\/wp-json\/wp\/v2\/media?parent=1459"}],"curies":[{"name":"wp","href":"https:\/\/api.w.org\/{rel}","templated":true}]}}