{"id":670,"date":"2023-11-08T15:16:04","date_gmt":"2023-11-08T15:16:04","guid":{"rendered":"http:\/\/170.249.220.82\/~wwwsubwaycom\/?page_id=670"},"modified":"2023-11-08T15:20:25","modified_gmt":"2023-11-08T15:20:25","slug":"bases-y-condiciones","status":"publish","type":"page","link":"https:\/\/subway.com.uy\/index.php\/bases-y-condiciones\/","title":{"rendered":"bases y condiciones"},"content":{"rendered":"\t\t<div data-elementor-type=\"wp-page\" data-elementor-id=\"670\" class=\"elementor elementor-670\" data-elementor-post-type=\"page\">\n\t\t\t\t<div class=\"elementor-element elementor-element-c7999f4 e-flex e-con-boxed e-con e-parent\" data-id=\"c7999f4\" data-element_type=\"container\">\n\t\t\t\t\t<div class=\"e-con-inner\">\n\t\t\t\t<div class=\"elementor-element elementor-element-65f0c39 elementor-widget elementor-widget-spacer\" data-id=\"65f0c39\" data-element_type=\"widget\" data-widget_type=\"spacer.default\">\n\t\t\t\t<div class=\"elementor-widget-container\">\n\t\t\t\t\t\t\t<div class=\"elementor-spacer\">\n\t\t\t<div class=\"elementor-spacer-inner\"><\/div>\n\t\t<\/div>\n\t\t\t\t\t\t<\/div>\n\t\t\t\t<\/div>\n\t\t\t\t\t<\/div>\n\t\t\t\t<\/div>\n\t\t<div class=\"elementor-element elementor-element-e622cb0 e-flex e-con-boxed e-con e-parent\" data-id=\"e622cb0\" data-element_type=\"container\">\n\t\t\t\t\t<div class=\"e-con-inner\">\n\t\t\t\t<div class=\"elementor-element elementor-element-24175ac elementor-widget elementor-widget-heading\" data-id=\"24175ac\" data-element_type=\"widget\" data-widget_type=\"heading.default\">\n\t\t\t\t<div class=\"elementor-widget-container\">\n\t\t\t\t\t<h2 class=\"elementor-heading-title elementor-size-default\">Bases y Condiciones<\/h2>\t\t\t\t<\/div>\n\t\t\t\t<\/div>\n\t\t\t\t<div class=\"elementor-element elementor-element-c218e79 elementor-widget elementor-widget-heading\" data-id=\"c218e79\" data-element_type=\"widget\" data-widget_type=\"heading.default\">\n\t\t\t\t<div class=\"elementor-widget-container\">\n\t\t\t\t\t<h2 class=\"elementor-heading-title elementor-size-default\">SUB DEL DIA:<\/h2>\t\t\t\t<\/div>\n\t\t\t\t<\/div>\n\t\t\t\t<div class=\"elementor-element elementor-element-cb9cf45 elementor-widget elementor-widget-text-editor\" data-id=\"cb9cf45\" data-element_type=\"widget\" data-widget_type=\"text-editor.default\">\n\t\t\t\t<div class=\"elementor-widget-container\">\n\t\t\t\t\t\t\t\t\t<p><span style=\"font-family: subway2;\">CONSULT\u00c1 EL SUB DEL D\u00cdA DISPONIBLE CADA D\u00cdA EN LOS LOCALES SUBWAY. IM\u00c1GENES CON FINES ILUSTRATIVOS. SUBWAY ES UNA MARCA REGISTRADA DE SUBWAY IP LLC. 2023 SUBWAY IP LLC. V\u00c1LIDA DEL 1 DE ENERO AL 31 DE DICIEMBRE DE 2023. NO ACUMULABLE CON OTRAS PROMOCIONES, OFERTAS O DESCUENTOS.<\/span><\/p>\t\t\t\t\t\t\t\t<\/div>\n\t\t\t\t<\/div>\n\t\t\t\t<div class=\"elementor-element elementor-element-3a6a44e elementor-widget elementor-widget-spacer\" data-id=\"3a6a44e\" data-element_type=\"widget\" data-widget_type=\"spacer.default\">\n\t\t\t\t<div class=\"elementor-widget-container\">\n\t\t\t\t\t\t\t<div class=\"elementor-spacer\">\n\t\t\t<div class=\"elementor-spacer-inner\"><\/div>\n\t\t<\/div>\n\t\t\t\t\t\t<\/div>\n\t\t\t\t<\/div>\n\t\t\t\t<div class=\"elementor-element elementor-element-e4f9b4f elementor-widget elementor-widget-heading\" data-id=\"e4f9b4f\" data-element_type=\"widget\" data-widget_type=\"heading.default\">\n\t\t\t\t<div class=\"elementor-widget-container\">\n\t\t\t\t\t<h2 class=\"elementor-heading-title elementor-size-default\">WOW<\/h2>\t\t\t\t<\/div>\n\t\t\t\t<\/div>\n\t\t\t\t<div class=\"elementor-element elementor-element-9bf6de8 elementor-widget elementor-widget-text-editor\" data-id=\"9bf6de8\" data-element_type=\"widget\" data-widget_type=\"text-editor.default\">\n\t\t\t\t<div class=\"elementor-widget-container\">\n\t\t\t\t\t\t\t\t\t<p>IM\u00c1GENES CON FINES ILUSTRATIVOS. SUBWAY ES UNA MARCA REGISTRADA DE SUBWAY IP LLC. 2023 SUBWAY IP LLC. OFERTA V\u00c1LIDA SOLO EN RESTAURANTES PARTICIPANTES. V\u00c1LIDA DEL 1 DE ENERO AL 31 DE DICIEMBRE DE 2023. ESTA OFERTA INCLUYE SUB DE JAM\u00d3N DE 15CM. NO ACUMULABLE CON OTRAS PROMOCIONES, OFERTAS O DESCUENTOS.<\/p>\t\t\t\t\t\t\t\t<\/div>\n\t\t\t\t<\/div>\n\t\t\t\t<div class=\"elementor-element elementor-element-1a955ac elementor-widget elementor-widget-spacer\" data-id=\"1a955ac\" data-element_type=\"widget\" data-widget_type=\"spacer.default\">\n\t\t\t\t<div class=\"elementor-widget-container\">\n\t\t\t\t\t\t\t<div class=\"elementor-spacer\">\n\t\t\t<div class=\"elementor-spacer-inner\"><\/div>\n\t\t<\/div>\n\t\t\t\t\t\t<\/div>\n\t\t\t\t<\/div>\n\t\t\t\t<div class=\"elementor-element elementor-element-d1dc0a5 elementor-widget elementor-widget-heading\" data-id=\"d1dc0a5\" data-element_type=\"widget\" data-widget_type=\"heading.default\">\n\t\t\t\t<div class=\"elementor-widget-container\">\n\t\t\t\t\t<h2 class=\"elementor-heading-title elementor-size-default\">COMBO FOOTLONG:<\/h2>\t\t\t\t<\/div>\n\t\t\t\t<\/div>\n\t\t\t\t<div class=\"elementor-element elementor-element-2ed2abf elementor-widget elementor-widget-text-editor\" data-id=\"2ed2abf\" data-element_type=\"widget\" data-widget_type=\"text-editor.default\">\n\t\t\t\t<div class=\"elementor-widget-container\">\n\t\t\t\t\t\t\t\t\t<p>IM\u00c1GENES CON FINES ILUSTRATIVOS. SUBWAY ES UNA MARCA REGISTRADA DE SUBWAY IP LLC. 2023 SUBWAY IP LLC.<\/p>\t\t\t\t\t\t\t\t<\/div>\n\t\t\t\t<\/div>\n\t\t\t\t\t<\/div>\n\t\t\t\t<\/div>\n\t\t\t\t<\/div>\n\t\t","protected":false},"excerpt":{"rendered":"<p>Bases y Condiciones SUB DEL DIA: CONSULT\u00c1 EL SUB DEL D\u00cdA DISPONIBLE CADA D\u00cdA EN LOS LOCALES SUBWAY. IM\u00c1GENES CON FINES ILUSTRATIVOS. SUBWAY ES UNA MARCA REGISTRADA DE SUBWAY IP LLC. 2023 SUBWAY IP LLC. V\u00c1LIDA DEL 1 DE ENERO AL 31 DE DICIEMBRE DE 2023. NO ACUMULABLE CON OTRAS PROMOCIONES, OFERTAS O DESCUENTOS. WOW [&hellip;]<\/p>\n","protected":false},"author":1,"featured_media":0,"parent":0,"menu_order":0,"comment_status":"closed","ping_status":"closed","template":"elementor_header_footer","meta":{"footnotes":""},"class_list":["post-670","page","type-page","status-publish","hentry"],"_links":{"self":[{"href":"https:\/\/subway.com.uy\/index.php\/wp-json\/wp\/v2\/pages\/670","targetHints":{"allow":["GET"]}}],"collection":[{"href":"https:\/\/subway.com.uy\/index.php\/wp-json\/wp\/v2\/pages"}],"about":[{"href":"https:\/\/subway.com.uy\/index.php\/wp-json\/wp\/v2\/types\/page"}],"author":[{"embeddable":true,"href":"https:\/\/subway.com.uy\/index.php\/wp-json\/wp\/v2\/users\/1"}],"replies":[{"embeddable":true,"href":"https:\/\/subway.com.uy\/index.php\/wp-json\/wp\/v2\/comments?post=670"}],"version-history":[{"count":4,"href":"https:\/\/subway.com.uy\/index.php\/wp-json\/wp\/v2\/pages\/670\/revisions"}],"predecessor-version":[{"id":674,"href":"https:\/\/subway.com.uy\/index.php\/wp-json\/wp\/v2\/pages\/670\/revisions\/674"}],"wp:attachment":[{"href":"https:\/\/subway.com.uy\/index.php\/wp-json\/wp\/v2\/media?parent=670"}],"curies":[{"name":"wp","href":"https:\/\/api.w.org\/{rel}","templated":true}]}}