{"id":919,"date":"2023-12-12T13:44:12","date_gmt":"2023-12-12T13:44:12","guid":{"rendered":"http:\/\/170.249.220.82\/~wwwsubwaycom\/?page_id=919"},"modified":"2023-12-12T15:07:41","modified_gmt":"2023-12-12T15:07:41","slug":"about","status":"publish","type":"page","link":"https:\/\/subway.com.uy\/index.php\/about\/","title":{"rendered":"about"},"content":{"rendered":"\t\t<div data-elementor-type=\"wp-page\" data-elementor-id=\"919\" class=\"elementor elementor-919\" data-elementor-post-type=\"page\">\n\t\t\t\t<div class=\"elementor-element elementor-element-aa0dfad e-flex e-con-boxed e-con e-parent\" data-id=\"aa0dfad\" data-element_type=\"container\">\n\t\t\t\t\t<div class=\"e-con-inner\">\n\t\t\t\t\t<\/div>\n\t\t\t\t<\/div>\n\t\t<div class=\"elementor-element elementor-element-c47de6d e-con-full e-flex e-con e-parent\" data-id=\"c47de6d\" data-element_type=\"container\">\n\t\t\t\t<div class=\"elementor-element elementor-element-7135215 elementor-hidden-desktop elementor-widget elementor-widget-spacer\" data-id=\"7135215\" data-element_type=\"widget\" data-widget_type=\"spacer.default\">\n\t\t\t\t<div class=\"elementor-widget-container\">\n\t\t\t\t\t\t\t<div class=\"elementor-spacer\">\n\t\t\t<div class=\"elementor-spacer-inner\"><\/div>\n\t\t<\/div>\n\t\t\t\t\t\t<\/div>\n\t\t\t\t<\/div>\n\t\t\t\t<div class=\"elementor-element elementor-element-5e7824b elementor-widget elementor-widget-image\" data-id=\"5e7824b\" data-element_type=\"widget\" data-widget_type=\"image.default\">\n\t\t\t\t<div class=\"elementor-widget-container\">\n\t\t\t\t\t\t\t\t\t\t\t\t\t\t\t<img fetchpriority=\"high\" decoding=\"async\" width=\"1280\" height=\"490\" src=\"https:\/\/subway.com.uy\/wp-content\/uploads\/2023\/12\/AboutUs_HeroDetail_SandwichArtist_Dsk.jpg\" class=\"attachment-full size-full wp-image-930\" alt=\"\" srcset=\"https:\/\/subway.com.uy\/wp-content\/uploads\/2023\/12\/AboutUs_HeroDetail_SandwichArtist_Dsk.jpg 1280w, https:\/\/subway.com.uy\/wp-content\/uploads\/2023\/12\/AboutUs_HeroDetail_SandwichArtist_Dsk-300x115.jpg 300w, https:\/\/subway.com.uy\/wp-content\/uploads\/2023\/12\/AboutUs_HeroDetail_SandwichArtist_Dsk-1024x392.jpg 1024w, https:\/\/subway.com.uy\/wp-content\/uploads\/2023\/12\/AboutUs_HeroDetail_SandwichArtist_Dsk-768x294.jpg 768w\" sizes=\"(max-width: 1280px) 100vw, 1280px\" \/>\t\t\t\t\t\t\t\t\t\t\t\t\t\t\t<\/div>\n\t\t\t\t<\/div>\n\t\t\t\t<\/div>\n\t\t<div class=\"elementor-element elementor-element-dab6cf8 e-flex e-con-boxed e-con e-parent\" data-id=\"dab6cf8\" data-element_type=\"container\">\n\t\t\t\t\t<div class=\"e-con-inner\">\n\t\t<div class=\"elementor-element elementor-element-9e08684 elementor-hidden-tablet elementor-hidden-mobile e-flex e-con-boxed e-con e-child\" data-id=\"9e08684\" data-element_type=\"container\" data-settings=\"{&quot;background_background&quot;:&quot;classic&quot;}\">\n\t\t\t\t\t<div class=\"e-con-inner\">\n\t\t\t\t<div class=\"elementor-element elementor-element-587c905 elementor-widget elementor-widget-heading\" data-id=\"587c905\" data-element_type=\"widget\" data-widget_type=\"heading.default\">\n\t\t\t\t<div class=\"elementor-widget-container\">\n\t\t\t\t\t<h2 class=\"elementor-heading-title elementor-size-default\">Lo Mantenemos Fresco<\/h2>\t\t\t\t<\/div>\n\t\t\t\t<\/div>\n\t\t\t\t<div class=\"elementor-element elementor-element-6fa298d elementor-widget elementor-widget-text-editor\" data-id=\"6fa298d\" data-element_type=\"widget\" data-widget_type=\"text-editor.default\">\n\t\t\t\t<div class=\"elementor-widget-container\">\n\t\t\t\t\t\t\t\t\t<p style=\"text-align: center;\"><span style=\"color: #000000;\">Subway\u00ae es simplemente la mejor opci\u00f3n cuando se trata de comida reci\u00e9n hecha, conveniente y asequible. Somos una de las marcas de restaurantes m\u00e1s grandes del mundo, sirviendo un men\u00fa apetecible con mejores opciones para nuestros millones de fan\u00e1ticos, todos los d\u00edas.<\/span><\/p>\t\t\t\t\t\t\t\t<\/div>\n\t\t\t\t<\/div>\n\t\t\t\t\t<\/div>\n\t\t\t\t<\/div>\n\t\t<div class=\"elementor-element elementor-element-4327109 elementor-hidden-desktop e-flex e-con-boxed e-con e-child\" data-id=\"4327109\" data-element_type=\"container\" data-settings=\"{&quot;background_background&quot;:&quot;classic&quot;}\">\n\t\t\t\t\t<div class=\"e-con-inner\">\n\t\t\t\t<div class=\"elementor-element elementor-element-88b1269 elementor-widget elementor-widget-heading\" data-id=\"88b1269\" data-element_type=\"widget\" data-widget_type=\"heading.default\">\n\t\t\t\t<div class=\"elementor-widget-container\">\n\t\t\t\t\t<h2 class=\"elementor-heading-title elementor-size-default\">Lo Mantenemos Fresco<\/h2>\t\t\t\t<\/div>\n\t\t\t\t<\/div>\n\t\t\t\t<div class=\"elementor-element elementor-element-bd8296e elementor-widget elementor-widget-text-editor\" data-id=\"bd8296e\" data-element_type=\"widget\" data-widget_type=\"text-editor.default\">\n\t\t\t\t<div class=\"elementor-widget-container\">\n\t\t\t\t\t\t\t\t\t<p style=\"text-align: center;\"><span style=\"color: #000000;\">Subway\u00ae es simplemente la mejor opci\u00f3n cuando se trata de comida reci\u00e9n hecha, conveniente y asequible. Somos una de las marcas de restaurantes m\u00e1s grandes del mundo, sirviendo un men\u00fa apetecible con mejores opciones para nuestros millones de fan\u00e1ticos, todos los d\u00edas.<\/span><\/p>\t\t\t\t\t\t\t\t<\/div>\n\t\t\t\t<\/div>\n\t\t\t\t\t<\/div>\n\t\t\t\t<\/div>\n\t\t\t\t\t<\/div>\n\t\t\t\t<\/div>\n\t\t<div class=\"elementor-element elementor-element-f989a81 e-flex e-con-boxed e-con e-parent\" data-id=\"f989a81\" data-element_type=\"container\">\n\t\t\t\t\t<div class=\"e-con-inner\">\n\t\t<div class=\"elementor-element elementor-element-bc8ab0a elementor-hidden-tablet elementor-hidden-mobile e-flex e-con-boxed e-con e-child\" data-id=\"bc8ab0a\" data-element_type=\"container\" data-settings=\"{&quot;background_background&quot;:&quot;classic&quot;}\">\n\t\t\t\t\t<div class=\"e-con-inner\">\n\t\t\t\t<div class=\"elementor-element elementor-element-085b789 elementor-widget elementor-widget-heading\" data-id=\"085b789\" data-element_type=\"widget\" data-widget_type=\"heading.default\">\n\t\t\t\t<div class=\"elementor-widget-container\">\n\t\t\t\t\t<h2 class=\"elementor-heading-title elementor-size-default\">Basado en Frescura<\/h2>\t\t\t\t<\/div>\n\t\t\t\t<\/div>\n\t\t\t\t<div class=\"elementor-element elementor-element-7d7e199 elementor-widget elementor-widget-text-editor\" data-id=\"7d7e199\" data-element_type=\"widget\" data-widget_type=\"text-editor.default\">\n\t\t\t\t<div class=\"elementor-widget-container\">\n\t\t\t\t\t\t\t\t\t<p><span style=\"color: #000000;\">Ya sea nuestro pan reci\u00e9n horneado todos los d\u00edas, nuevos y sabrosos s\u00e1ndwiches exclusivos o nuestros cl\u00e1sicos favoritos de los fan\u00e1ticos reci\u00e9n preparados al momento, Subway\u00ae ofrece una comida sabrosa y de calidad con la que puede sentirse bien.<\/span><\/p>\t\t\t\t\t\t\t\t<\/div>\n\t\t\t\t<\/div>\n\t\t\t\t\t<\/div>\n\t\t\t\t<\/div>\n\t\t<div class=\"elementor-element elementor-element-a7cc294 elementor-hidden-desktop e-flex e-con-boxed e-con e-child\" data-id=\"a7cc294\" data-element_type=\"container\" data-settings=\"{&quot;background_background&quot;:&quot;classic&quot;}\">\n\t\t\t\t\t<div class=\"e-con-inner\">\n\t\t\t\t<div class=\"elementor-element elementor-element-311689c elementor-widget elementor-widget-heading\" data-id=\"311689c\" data-element_type=\"widget\" data-widget_type=\"heading.default\">\n\t\t\t\t<div class=\"elementor-widget-container\">\n\t\t\t\t\t<h2 class=\"elementor-heading-title elementor-size-default\">Basado en Frescura<\/h2>\t\t\t\t<\/div>\n\t\t\t\t<\/div>\n\t\t\t\t<div class=\"elementor-element elementor-element-c33a1aa elementor-widget elementor-widget-text-editor\" data-id=\"c33a1aa\" data-element_type=\"widget\" data-widget_type=\"text-editor.default\">\n\t\t\t\t<div class=\"elementor-widget-container\">\n\t\t\t\t\t\t\t\t\t<p style=\"text-align: center;\"><span style=\"color: #000000;\">Ya sea nuestro pan reci\u00e9n horneado todos los d\u00edas, nuevos y sabrosos s\u00e1ndwiches exclusivos o nuestros cl\u00e1sicos favoritos de los fan\u00e1ticos reci\u00e9n preparados al momento, Subway\u00ae ofrece una comida sabrosa y de calidad con la que puede sentirse bien.<\/span><\/p>\t\t\t\t\t\t\t\t<\/div>\n\t\t\t\t<\/div>\n\t\t\t\t\t<\/div>\n\t\t\t\t<\/div>\n\t\t\t\t\t<\/div>\n\t\t\t\t<\/div>\n\t\t<div class=\"elementor-element elementor-element-b232803 e-flex e-con-boxed e-con e-parent\" data-id=\"b232803\" data-element_type=\"container\" data-settings=\"{&quot;background_background&quot;:&quot;classic&quot;}\">\n\t\t\t\t\t<div class=\"e-con-inner\">\n\t\t<div class=\"elementor-element elementor-element-839d121 e-con-full elementor-hidden-mobile e-flex e-con e-child\" data-id=\"839d121\" data-element_type=\"container\">\n\t\t\t\t<div class=\"elementor-element elementor-element-f5cbeac elementor-widget elementor-widget-heading\" data-id=\"f5cbeac\" data-element_type=\"widget\" data-widget_type=\"heading.default\">\n\t\t\t\t<div class=\"elementor-widget-container\">\n\t\t\t\t\t<h2 class=\"elementor-heading-title elementor-size-default\">Se Trata de <br>Construir un <br>Mejor Sub<\/h2>\t\t\t\t<\/div>\n\t\t\t\t<\/div>\n\t\t\t\t<div class=\"elementor-element elementor-element-3d60ea2 elementor-widget elementor-widget-text-editor\" data-id=\"3d60ea2\" data-element_type=\"widget\" data-widget_type=\"text-editor.default\">\n\t\t\t\t<div class=\"elementor-widget-container\">\n\t\t\t\t\t\t\t\t\t<p><span style=\"color: #ffffff;\">Siempre estamos evolucionando, ofreci\u00e9ndole<\/span><\/p><p><span style=\"color: #ffffff;\"> ingredientes de calidad y renovando regularmente nuestro <\/span><\/p><p><span style=\"color: #ffffff;\">men\u00fa, agregando nuevos elementos y garantizando una<\/span><\/p><p><span style=\"color: #ffffff;\"> excelente experiencia en nuestros restaurantes o mediante pedidos en l\u00ednea<\/span><\/p>\t\t\t\t\t\t\t\t<\/div>\n\t\t\t\t<\/div>\n\t\t\t\t<div class=\"elementor-element elementor-element-7009053 elementor-widget elementor-widget-button\" data-id=\"7009053\" data-element_type=\"widget\" data-widget_type=\"button.default\">\n\t\t\t\t<div class=\"elementor-widget-container\">\n\t\t\t\t\t\t\t\t\t<div class=\"elementor-button-wrapper\">\n\t\t\t\t\t<a class=\"elementor-button elementor-button-link elementor-size-sm\" href=\"https:\/\/subway.com.uy\/index.php\/locales\/\">\n\t\t\t\t\t\t<span class=\"elementor-button-content-wrapper\">\n\t\t\t\t\t\t\t\t\t<span class=\"elementor-button-text\">BUSCAR UN SUBWAY\u00ae<\/span>\n\t\t\t\t\t<\/span>\n\t\t\t\t\t<\/a>\n\t\t\t\t<\/div>\n\t\t\t\t\t\t\t\t<\/div>\n\t\t\t\t<\/div>\n\t\t\t\t<\/div>\n\t\t<div class=\"elementor-element elementor-element-540e2f6 e-con-full elementor-hidden-desktop elementor-hidden-tablet e-flex e-con e-child\" data-id=\"540e2f6\" data-element_type=\"container\">\n\t\t\t\t<div class=\"elementor-element elementor-element-855636a elementor-widget elementor-widget-heading\" data-id=\"855636a\" data-element_type=\"widget\" data-widget_type=\"heading.default\">\n\t\t\t\t<div class=\"elementor-widget-container\">\n\t\t\t\t\t<h2 class=\"elementor-heading-title elementor-size-default\">Se Trata de <br>Construir un <br>Mejor Sub<\/h2>\t\t\t\t<\/div>\n\t\t\t\t<\/div>\n\t\t\t\t<div class=\"elementor-element elementor-element-5a90611 elementor-widget elementor-widget-text-editor\" data-id=\"5a90611\" data-element_type=\"widget\" data-widget_type=\"text-editor.default\">\n\t\t\t\t<div class=\"elementor-widget-container\">\n\t\t\t\t\t\t\t\t\t<p style=\"text-align: center;\"><span style=\"color: #ffffff;\">Siempre estamos evolucionando, ofreci\u00e9ndole ingredientes de calidad y renovando regularmente nuestro men\u00fa, agregando nuevos elementos y garantizando una excelente experiencia en nuestros restaurantes o mediante pedidos en l\u00ednea<\/span><\/p>\t\t\t\t\t\t\t\t<\/div>\n\t\t\t\t<\/div>\n\t\t\t\t<div class=\"elementor-element elementor-element-80b494b elementor-tablet-align-left elementor-mobile-align-center elementor-widget elementor-widget-button\" data-id=\"80b494b\" data-element_type=\"widget\" data-widget_type=\"button.default\">\n\t\t\t\t<div class=\"elementor-widget-container\">\n\t\t\t\t\t\t\t\t\t<div class=\"elementor-button-wrapper\">\n\t\t\t\t\t<a class=\"elementor-button elementor-button-link elementor-size-sm\" href=\"#\">\n\t\t\t\t\t\t<span class=\"elementor-button-content-wrapper\">\n\t\t\t\t\t\t\t\t\t<span class=\"elementor-button-text\">BUSCAR UN SUBWAY\u00ae<\/span>\n\t\t\t\t\t<\/span>\n\t\t\t\t\t<\/a>\n\t\t\t\t<\/div>\n\t\t\t\t\t\t\t\t<\/div>\n\t\t\t\t<\/div>\n\t\t\t\t<\/div>\n\t\t<div class=\"elementor-element elementor-element-433ed2e e-con-full elementor-hidden-tablet elementor-hidden-mobile e-flex e-con e-child\" data-id=\"433ed2e\" data-element_type=\"container\">\n\t\t\t\t<\/div>\n\t\t\t\t\t<\/div>\n\t\t\t\t<\/div>\n\t\t<div class=\"elementor-element elementor-element-6885078 e-flex e-con-boxed e-con e-parent\" data-id=\"6885078\" data-element_type=\"container\">\n\t\t\t\t\t<div class=\"e-con-inner\">\n\t\t\t\t<div class=\"elementor-element elementor-element-62c0bf1 elementor-widget elementor-widget-spacer\" data-id=\"62c0bf1\" data-element_type=\"widget\" data-widget_type=\"spacer.default\">\n\t\t\t\t<div class=\"elementor-widget-container\">\n\t\t\t\t\t\t\t<div class=\"elementor-spacer\">\n\t\t\t<div class=\"elementor-spacer-inner\"><\/div>\n\t\t<\/div>\n\t\t\t\t\t\t<\/div>\n\t\t\t\t<\/div>\n\t\t\t\t\t<\/div>\n\t\t\t\t<\/div>\n\t\t<div class=\"elementor-element elementor-element-03899c1 e-flex e-con-boxed e-con e-parent\" data-id=\"03899c1\" data-element_type=\"container\" data-settings=\"{&quot;background_background&quot;:&quot;classic&quot;}\">\n\t\t\t\t\t<div class=\"e-con-inner\">\n\t\t<div class=\"elementor-element elementor-element-eb06512 e-con-full e-flex e-con e-child\" data-id=\"eb06512\" data-element_type=\"container\" data-settings=\"{&quot;background_background&quot;:&quot;classic&quot;}\">\n\t\t\t\t<div class=\"elementor-element elementor-element-7ac9a7f elementor-widget elementor-widget-image\" data-id=\"7ac9a7f\" data-element_type=\"widget\" data-widget_type=\"image.default\">\n\t\t\t\t<div class=\"elementor-widget-container\">\n\t\t\t\t\t\t\t\t\t\t\t\t\t\t\t<img decoding=\"async\" width=\"565\" height=\"318\" src=\"https:\/\/subway.com.uy\/wp-content\/uploads\/2023\/12\/AboutUs_2Cardup_PetesSubway_Dsk.jpg\" class=\"attachment-large size-large wp-image-932\" alt=\"\" srcset=\"https:\/\/subway.com.uy\/wp-content\/uploads\/2023\/12\/AboutUs_2Cardup_PetesSubway_Dsk.jpg 565w, https:\/\/subway.com.uy\/wp-content\/uploads\/2023\/12\/AboutUs_2Cardup_PetesSubway_Dsk-300x169.jpg 300w\" sizes=\"(max-width: 565px) 100vw, 565px\" \/>\t\t\t\t\t\t\t\t\t\t\t\t\t\t\t<\/div>\n\t\t\t\t<\/div>\n\t\t\t\t<div class=\"elementor-element elementor-element-e5dfade elementor-widget elementor-widget-heading\" data-id=\"e5dfade\" data-element_type=\"widget\" data-widget_type=\"heading.default\">\n\t\t\t\t<div class=\"elementor-widget-container\">\n\t\t\t\t\t<h2 class=\"elementor-heading-title elementor-size-default\">Conoce Nuestras Ra\u00edces<\/h2>\t\t\t\t<\/div>\n\t\t\t\t<\/div>\n\t\t\t\t<div class=\"elementor-element elementor-element-5955f2a elementor-widget elementor-widget-text-editor\" data-id=\"5955f2a\" data-element_type=\"widget\" data-widget_type=\"text-editor.default\">\n\t\t\t\t<div class=\"elementor-widget-container\">\n\t\t\t\t\t\t\t\t\t<p><span style=\"font-size: 12pt; color: #000000;\">Un apret\u00f3n de manos y $1.000 lanzaron una de las marcas de restaurantes m\u00e1s grandes del mundo.<\/span><\/p>\t\t\t\t\t\t\t\t<\/div>\n\t\t\t\t<\/div>\n\t\t\t\t<div class=\"elementor-element elementor-element-dad2503 elementor-align-left elementor-widget elementor-widget-button\" data-id=\"dad2503\" data-element_type=\"widget\" data-widget_type=\"button.default\">\n\t\t\t\t<div class=\"elementor-widget-container\">\n\t\t\t\t\t\t\t\t\t<div class=\"elementor-button-wrapper\">\n\t\t\t\t\t<a class=\"elementor-button elementor-button-link elementor-size-sm\" href=\"https:\/\/subway.com.uy\/index.php\/historia\/\" target=\"_blank\">\n\t\t\t\t\t\t<span class=\"elementor-button-content-wrapper\">\n\t\t\t\t\t\t\t\t\t<span class=\"elementor-button-text\">HISTORIA<\/span>\n\t\t\t\t\t<\/span>\n\t\t\t\t\t<\/a>\n\t\t\t\t<\/div>\n\t\t\t\t\t\t\t\t<\/div>\n\t\t\t\t<\/div>\n\t\t\t\t<div class=\"elementor-element elementor-element-e36c253 elementor-widget elementor-widget-spacer\" data-id=\"e36c253\" data-element_type=\"widget\" data-widget_type=\"spacer.default\">\n\t\t\t\t<div class=\"elementor-widget-container\">\n\t\t\t\t\t\t\t<div class=\"elementor-spacer\">\n\t\t\t<div class=\"elementor-spacer-inner\"><\/div>\n\t\t<\/div>\n\t\t\t\t\t\t<\/div>\n\t\t\t\t<\/div>\n\t\t\t\t<\/div>\n\t\t<div class=\"elementor-element elementor-element-5267257 e-con-full e-flex e-con e-child\" data-id=\"5267257\" data-element_type=\"container\">\n\t\t\t\t<\/div>\n\t\t\t\t\t<\/div>\n\t\t\t\t<\/div>\n\t\t<div class=\"elementor-element elementor-element-779f84b elementor-hidden-tablet elementor-hidden-mobile e-flex e-con-boxed e-con e-parent\" data-id=\"779f84b\" data-element_type=\"container\">\n\t\t\t\t\t<div class=\"e-con-inner\">\n\t\t<div class=\"elementor-element elementor-element-e00a960 e-flex e-con-boxed e-con e-child\" data-id=\"e00a960\" data-element_type=\"container\">\n\t\t\t\t\t<div class=\"e-con-inner\">\n\t\t<div class=\"elementor-element elementor-element-a6268ed e-con-full e-flex e-con e-child\" data-id=\"a6268ed\" data-element_type=\"container\">\n\t\t\t\t<div class=\"elementor-element elementor-element-bccd333 elementor-widget elementor-widget-spacer\" data-id=\"bccd333\" data-element_type=\"widget\" data-widget_type=\"spacer.default\">\n\t\t\t\t<div class=\"elementor-widget-container\">\n\t\t\t\t\t\t\t<div class=\"elementor-spacer\">\n\t\t\t<div class=\"elementor-spacer-inner\"><\/div>\n\t\t<\/div>\n\t\t\t\t\t\t<\/div>\n\t\t\t\t<\/div>\n\t\t\t\t<div class=\"elementor-element elementor-element-01f5bbe elementor-widget elementor-widget-heading\" data-id=\"01f5bbe\" data-element_type=\"widget\" data-widget_type=\"heading.default\">\n\t\t\t\t<div class=\"elementor-widget-container\">\n\t\t\t\t\t<h2 class=\"elementor-heading-title elementor-size-default\">Descubr\u00ed las ofertas que tenemos para vos<\/h2>\t\t\t\t<\/div>\n\t\t\t\t<\/div>\n\t\t\t\t<div class=\"elementor-element elementor-element-4c1121e elementor-widget elementor-widget-text-editor\" data-id=\"4c1121e\" data-element_type=\"widget\" data-widget_type=\"text-editor.default\">\n\t\t\t\t<div class=\"elementor-widget-container\">\n\t\t\t\t\t\t\t\t\t<p><span style=\"color: #000000; font-size: 12pt;\">Promociones y descuentos todos los d\u00edas!<\/span><\/p>\t\t\t\t\t\t\t\t<\/div>\n\t\t\t\t<\/div>\n\t\t\t\t<div class=\"elementor-element elementor-element-1e60afe elementor-widget elementor-widget-button\" data-id=\"1e60afe\" data-element_type=\"widget\" data-widget_type=\"button.default\">\n\t\t\t\t<div class=\"elementor-widget-container\">\n\t\t\t\t\t\t\t\t\t<div class=\"elementor-button-wrapper\">\n\t\t\t\t\t<a class=\"elementor-button elementor-button-link elementor-size-sm\" href=\"https:\/\/subway.com.uy\/index.php\/locales\/\">\n\t\t\t\t\t\t<span class=\"elementor-button-content-wrapper\">\n\t\t\t\t\t\t\t\t\t<span class=\"elementor-button-text\">BUSCAR UN SUBWAY\u00ae<\/span>\n\t\t\t\t\t<\/span>\n\t\t\t\t\t<\/a>\n\t\t\t\t<\/div>\n\t\t\t\t\t\t\t\t<\/div>\n\t\t\t\t<\/div>\n\t\t\t\t<\/div>\n\t\t<div class=\"elementor-element elementor-element-bb6ca54 e-con-full e-flex e-con e-child\" data-id=\"bb6ca54\" data-element_type=\"container\">\n\t\t\t\t<div class=\"elementor-element elementor-element-bcc72a2 elementor-widget elementor-widget-image\" data-id=\"bcc72a2\" data-element_type=\"widget\" data-widget_type=\"image.default\">\n\t\t\t\t<div class=\"elementor-widget-container\">\n\t\t\t\t\t\t\t\t\t\t\t\t\t\t\t<img decoding=\"async\" width=\"581\" height=\"326\" src=\"https:\/\/subway.com.uy\/wp-content\/uploads\/2023\/12\/yujyum.jpg\" class=\"attachment-full size-full wp-image-970\" alt=\"\" srcset=\"https:\/\/subway.com.uy\/wp-content\/uploads\/2023\/12\/yujyum.jpg 581w, https:\/\/subway.com.uy\/wp-content\/uploads\/2023\/12\/yujyum-300x168.jpg 300w\" sizes=\"(max-width: 581px) 100vw, 581px\" \/>\t\t\t\t\t\t\t\t\t\t\t\t\t\t\t<\/div>\n\t\t\t\t<\/div>\n\t\t\t\t<\/div>\n\t\t\t\t\t<\/div>\n\t\t\t\t<\/div>\n\t\t\t\t\t<\/div>\n\t\t\t\t<\/div>\n\t\t<div class=\"elementor-element elementor-element-bdf990c elementor-hidden-desktop e-flex e-con-boxed e-con e-parent\" data-id=\"bdf990c\" data-element_type=\"container\">\n\t\t\t\t\t<div class=\"e-con-inner\">\n\t\t<div class=\"elementor-element elementor-element-211c452 e-flex e-con-boxed e-con e-child\" data-id=\"211c452\" data-element_type=\"container\">\n\t\t\t\t\t<div class=\"e-con-inner\">\n\t\t<div class=\"elementor-element elementor-element-56f5c19 e-con-full e-flex e-con e-child\" data-id=\"56f5c19\" data-element_type=\"container\">\n\t\t\t\t<div class=\"elementor-element elementor-element-fb4d5b1 elementor-widget elementor-widget-spacer\" data-id=\"fb4d5b1\" data-element_type=\"widget\" data-widget_type=\"spacer.default\">\n\t\t\t\t<div class=\"elementor-widget-container\">\n\t\t\t\t\t\t\t<div class=\"elementor-spacer\">\n\t\t\t<div class=\"elementor-spacer-inner\"><\/div>\n\t\t<\/div>\n\t\t\t\t\t\t<\/div>\n\t\t\t\t<\/div>\n\t\t\t\t<div class=\"elementor-element elementor-element-f6e9c2b elementor-widget elementor-widget-heading\" data-id=\"f6e9c2b\" data-element_type=\"widget\" data-widget_type=\"heading.default\">\n\t\t\t\t<div class=\"elementor-widget-container\">\n\t\t\t\t\t<h2 class=\"elementor-heading-title elementor-size-default\">Descubr\u00ed las ofertas que tenemos para vos<\/h2>\t\t\t\t<\/div>\n\t\t\t\t<\/div>\n\t\t\t\t<div class=\"elementor-element elementor-element-cd305d8 elementor-widget elementor-widget-text-editor\" data-id=\"cd305d8\" data-element_type=\"widget\" data-widget_type=\"text-editor.default\">\n\t\t\t\t<div class=\"elementor-widget-container\">\n\t\t\t\t\t\t\t\t\t<p style=\"text-align: center;\"><span style=\"color: #000000; font-size: 12pt;\">Promociones y descuentos todos los d\u00edas!<\/span><\/p>\t\t\t\t\t\t\t\t<\/div>\n\t\t\t\t<\/div>\n\t\t\t\t<div class=\"elementor-element elementor-element-9b33ff4 elementor-mobile-align-center elementor-widget elementor-widget-button\" data-id=\"9b33ff4\" data-element_type=\"widget\" data-widget_type=\"button.default\">\n\t\t\t\t<div class=\"elementor-widget-container\">\n\t\t\t\t\t\t\t\t\t<div class=\"elementor-button-wrapper\">\n\t\t\t\t\t<a class=\"elementor-button elementor-button-link elementor-size-sm\" href=\"#\">\n\t\t\t\t\t\t<span class=\"elementor-button-content-wrapper\">\n\t\t\t\t\t\t\t\t\t<span class=\"elementor-button-text\">BUSCAR UN SUBWAY\u00ae<\/span>\n\t\t\t\t\t<\/span>\n\t\t\t\t\t<\/a>\n\t\t\t\t<\/div>\n\t\t\t\t\t\t\t\t<\/div>\n\t\t\t\t<\/div>\n\t\t\t\t<\/div>\n\t\t<div class=\"elementor-element elementor-element-1b38f09 e-con-full e-flex e-con e-child\" data-id=\"1b38f09\" data-element_type=\"container\">\n\t\t\t\t<div class=\"elementor-element elementor-element-169a232 elementor-widget elementor-widget-image\" data-id=\"169a232\" data-element_type=\"widget\" data-widget_type=\"image.default\">\n\t\t\t\t<div class=\"elementor-widget-container\">\n\t\t\t\t\t\t\t\t\t\t\t\t\t\t\t<img decoding=\"async\" width=\"581\" height=\"326\" src=\"https:\/\/subway.com.uy\/wp-content\/uploads\/2023\/12\/yujyum.jpg\" class=\"attachment-full size-full wp-image-970\" alt=\"\" srcset=\"https:\/\/subway.com.uy\/wp-content\/uploads\/2023\/12\/yujyum.jpg 581w, https:\/\/subway.com.uy\/wp-content\/uploads\/2023\/12\/yujyum-300x168.jpg 300w\" sizes=\"(max-width: 581px) 100vw, 581px\" \/>\t\t\t\t\t\t\t\t\t\t\t\t\t\t\t<\/div>\n\t\t\t\t<\/div>\n\t\t\t\t<\/div>\n\t\t\t\t\t<\/div>\n\t\t\t\t<\/div>\n\t\t\t\t\t<\/div>\n\t\t\t\t<\/div>\n\t\t\t\t<\/div>\n\t\t","protected":false},"excerpt":{"rendered":"<p>Lo Mantenemos Fresco Subway\u00ae es simplemente la mejor opci\u00f3n cuando se trata de comida reci\u00e9n hecha, conveniente y asequible. Somos una de las marcas de restaurantes m\u00e1s grandes del mundo, sirviendo un men\u00fa apetecible con mejores opciones para nuestros millones de fan\u00e1ticos, todos los d\u00edas. Lo Mantenemos Fresco Subway\u00ae es simplemente la mejor opci\u00f3n cuando [&hellip;]<\/p>\n","protected":false},"author":1,"featured_media":0,"parent":0,"menu_order":0,"comment_status":"closed","ping_status":"closed","template":"elementor_header_footer","meta":{"footnotes":""},"class_list":["post-919","page","type-page","status-publish","hentry"],"_links":{"self":[{"href":"https:\/\/subway.com.uy\/index.php\/wp-json\/wp\/v2\/pages\/919","targetHints":{"allow":["GET"]}}],"collection":[{"href":"https:\/\/subway.com.uy\/index.php\/wp-json\/wp\/v2\/pages"}],"about":[{"href":"https:\/\/subway.com.uy\/index.php\/wp-json\/wp\/v2\/types\/page"}],"author":[{"embeddable":true,"href":"https:\/\/subway.com.uy\/index.php\/wp-json\/wp\/v2\/users\/1"}],"replies":[{"embeddable":true,"href":"https:\/\/subway.com.uy\/index.php\/wp-json\/wp\/v2\/comments?post=919"}],"version-history":[{"count":73,"href":"https:\/\/subway.com.uy\/index.php\/wp-json\/wp\/v2\/pages\/919\/revisions"}],"predecessor-version":[{"id":1014,"href":"https:\/\/subway.com.uy\/index.php\/wp-json\/wp\/v2\/pages\/919\/revisions\/1014"}],"wp:attachment":[{"href":"https:\/\/subway.com.uy\/index.php\/wp-json\/wp\/v2\/media?parent=919"}],"curies":[{"name":"wp","href":"https:\/\/api.w.org\/{rel}","templated":true}]}}